{"id":17,"date":"2020-07-02T15:56:41","date_gmt":"2020-07-02T15:56:41","guid":{"rendered":"https:\/\/svet.kamenovo.cz\/index.php\/domovska-stranka\/"},"modified":"2020-07-02T15:56:42","modified_gmt":"2020-07-02T15:56:42","slug":"domovska-stranka","status":"publish","type":"page","link":"https:\/\/www.svetkamenovazdravia.sk\/index.php\/domovska-stranka\/","title":{"rendered":"Domovsk\u00e1 str\u00e1nka"},"content":{"rendered":"<div class=\"wp-block-cover\" style=\"background-image:url(https:\/\/svet.kamenovo.cz\/wp-content\/uploads\/2020\/07\/other-small.jpg)\"><div class=\"wp-block-cover__inner-container is-layout-flow wp-block-cover-is-layout-flow\"><p class=\"has-text-align-center has-large-font-size\">V\u00edtejte v obchod\u011b<\/p>\n\n\t\t\t<p class=\"has-text-color has-text-align-center\">Zde napi\u0161te kr\u00e1tkou uv\u00edtac\u00ed zpr\u00e1vu<\/p>\n\n\t\t\t<div class=\"wp-block-button aligncenter\"><a href=\"https:\/\/svet.kamenovo.cz\/index.php\/obchod\/\" class=\"wp-block-button__link\">J\u00edt nakupovat<\/a><\/div><\/div><\/div><h2 class=\"wp-block-heading\" style=\"text-align:center\">Nov\u00e9 produkty<\/h2><div data-block-name=\"woocommerce\/product-new\" class=\"wc-block-grid wp-block-product-new wc-block-product-new has-3-columns has-multiple-rows\"><ul class=\"wc-block-grid__products\"><li class=\"wc-block-grid__product\">\n\t\t\t\t<a href=\"https:\/\/www.svetkamenovazdravia.sk\/index.php\/produkt\/andara-4\/\" class=\"wc-block-grid__product-link\">\n\t\t\t\t\t\n\t\t\t\t\t<div class=\"wc-block-grid__product-image\"><img loading=\"lazy\" decoding=\"async\" width=\"324\" height=\"324\" src=\"https:\/\/www.svetkamenovazdravia.sk\/wp-content\/uploads\/2025\/01\/20250110_133032-1-324x324.jpg\" class=\"attachment-woocommerce_thumbnail size-woocommerce_thumbnail\" alt=\"Andara\" srcset=\"https:\/\/www.svetkamenovazdravia.sk\/wp-content\/uploads\/2025\/01\/20250110_133032-1-324x324.jpg 324w, https:\/\/www.svetkamenovazdravia.sk\/wp-content\/uploads\/2025\/01\/20250110_133032-1-150x150.jpg 150w, https:\/\/www.svetkamenovazdravia.sk\/wp-content\/uploads\/2025\/01\/20250110_133032-1-100x100.jpg 100w\" sizes=\"auto, (max-width: 324px) 100vw, 324px\" \/><\/div>\n\t\t\t\t\t<div class=\"wc-block-grid__product-title\">Andara<\/div>\n\t\t\t\t<\/a>\n\t\t\t\t<div class=\"wc-block-grid__product-price price\"><span class=\"woocommerce-Price-amount amount\"><span class=\"woocommerce-Price-currencySymbol\">&euro;<\/span>150,00<\/span><\/div>\n\t\t\t\t\n\t\t\t\t<div class=\"wp-block-button wc-block-grid__product-add-to-cart\"><a href=\"?add-to-cart=1864\" aria-label=\"Add to cart: &ldquo;Andara&rdquo;\" data-quantity=\"1\" data-product_id=\"1864\" data-product_sku=\"and4\" data-price=\"150\" rel=\"nofollow\" class=\"wp-block-button__link  add_to_cart_button ajax_add_to_cart\">Prida\u0165 do ko\u0161\u00edka<\/a><\/div>\n\t\t\t<\/li><li class=\"wc-block-grid__product\">\n\t\t\t\t<a href=\"https:\/\/www.svetkamenovazdravia.sk\/index.php\/produkt\/andara-3\/\" class=\"wc-block-grid__product-link\">\n\t\t\t\t\t\n\t\t\t\t\t<div class=\"wc-block-grid__product-image\"><img loading=\"lazy\" decoding=\"async\" width=\"324\" height=\"324\" src=\"https:\/\/www.svetkamenovazdravia.sk\/wp-content\/uploads\/2025\/01\/20250109_144018-324x324.jpg\" class=\"attachment-woocommerce_thumbnail size-woocommerce_thumbnail\" alt=\"Andara\" srcset=\"https:\/\/www.svetkamenovazdravia.sk\/wp-content\/uploads\/2025\/01\/20250109_144018-324x324.jpg 324w, https:\/\/www.svetkamenovazdravia.sk\/wp-content\/uploads\/2025\/01\/20250109_144018-150x150.jpg 150w, https:\/\/www.svetkamenovazdravia.sk\/wp-content\/uploads\/2025\/01\/20250109_144018-100x100.jpg 100w\" sizes=\"auto, (max-width: 324px) 100vw, 324px\" \/><\/div>\n\t\t\t\t\t<div class=\"wc-block-grid__product-title\">Andara<\/div>\n\t\t\t\t<\/a>\n\t\t\t\t<div class=\"wc-block-grid__product-price price\"><span class=\"woocommerce-Price-amount amount\"><span class=\"woocommerce-Price-currencySymbol\">&euro;<\/span>180,00<\/span><\/div>\n\t\t\t\t\n\t\t\t\t<div class=\"wp-block-button wc-block-grid__product-add-to-cart\"><a href=\"?add-to-cart=1863\" aria-label=\"Add to cart: &ldquo;Andara&rdquo;\" data-quantity=\"1\" data-product_id=\"1863\" data-product_sku=\"and3\" data-price=\"180\" rel=\"nofollow\" class=\"wp-block-button__link  add_to_cart_button ajax_add_to_cart\">Prida\u0165 do ko\u0161\u00edka<\/a><\/div>\n\t\t\t<\/li><li class=\"wc-block-grid__product\">\n\t\t\t\t<a href=\"https:\/\/www.svetkamenovazdravia.sk\/index.php\/produkt\/andara-multicolor-2\/\" class=\"wc-block-grid__product-link\">\n\t\t\t\t\t\n\t\t\t\t\t<div class=\"wc-block-grid__product-image\"><img loading=\"lazy\" decoding=\"async\" width=\"324\" height=\"324\" src=\"https:\/\/www.svetkamenovazdravia.sk\/wp-content\/uploads\/2025\/01\/20250109_144054-324x324.jpg\" class=\"attachment-woocommerce_thumbnail size-woocommerce_thumbnail\" alt=\"Andara MULTICOLOR\" srcset=\"https:\/\/www.svetkamenovazdravia.sk\/wp-content\/uploads\/2025\/01\/20250109_144054-324x324.jpg 324w, https:\/\/www.svetkamenovazdravia.sk\/wp-content\/uploads\/2025\/01\/20250109_144054-150x150.jpg 150w, https:\/\/www.svetkamenovazdravia.sk\/wp-content\/uploads\/2025\/01\/20250109_144054-100x100.jpg 100w\" sizes=\"auto, (max-width: 324px) 100vw, 324px\" \/><\/div>\n\t\t\t\t\t<div class=\"wc-block-grid__product-title\">Andara MULTICOLOR<\/div>\n\t\t\t\t<\/a>\n\t\t\t\t<div class=\"wc-block-grid__product-price price\"><span class=\"woocommerce-Price-amount amount\"><span class=\"woocommerce-Price-currencySymbol\">&euro;<\/span>380,00<\/span><\/div>\n\t\t\t\t\n\t\t\t\t<div class=\"wp-block-button wc-block-grid__product-add-to-cart\"><a href=\"?add-to-cart=1862\" aria-label=\"Add to cart: &ldquo;Andara MULTICOLOR&rdquo;\" data-quantity=\"1\" data-product_id=\"1862\" data-product_sku=\"andmul2\" data-price=\"380\" rel=\"nofollow\" class=\"wp-block-button__link  add_to_cart_button ajax_add_to_cart\">Prida\u0165 do ko\u0161\u00edka<\/a><\/div>\n\t\t\t<\/li><li class=\"wc-block-grid__product\">\n\t\t\t\t<a href=\"https:\/\/www.svetkamenovazdravia.sk\/index.php\/produkt\/andara-multicolor\/\" class=\"wc-block-grid__product-link\">\n\t\t\t\t\t\n\t\t\t\t\t<div class=\"wc-block-grid__product-image\"><img loading=\"lazy\" decoding=\"async\" width=\"324\" height=\"324\" src=\"https:\/\/www.svetkamenovazdravia.sk\/wp-content\/uploads\/2025\/01\/20250109_143912-324x324.jpg\" class=\"attachment-woocommerce_thumbnail size-woocommerce_thumbnail\" alt=\"Andara MULTICOLOR\" srcset=\"https:\/\/www.svetkamenovazdravia.sk\/wp-content\/uploads\/2025\/01\/20250109_143912-324x324.jpg 324w, https:\/\/www.svetkamenovazdravia.sk\/wp-content\/uploads\/2025\/01\/20250109_143912-150x150.jpg 150w, https:\/\/www.svetkamenovazdravia.sk\/wp-content\/uploads\/2025\/01\/20250109_143912-100x100.jpg 100w\" sizes=\"auto, (max-width: 324px) 100vw, 324px\" \/><\/div>\n\t\t\t\t\t<div class=\"wc-block-grid__product-title\">Andara MULTICOLOR<\/div>\n\t\t\t\t<\/a>\n\t\t\t\t<div class=\"wc-block-grid__product-price price\"><span class=\"woocommerce-Price-amount amount\"><span class=\"woocommerce-Price-currencySymbol\">&euro;<\/span>850,00<\/span><\/div>\n\t\t\t\t\n\t\t\t\t<div class=\"wp-block-button wc-block-grid__product-add-to-cart\"><a href=\"?add-to-cart=1848\" aria-label=\"Add to cart: &ldquo;Andara MULTICOLOR&rdquo;\" data-quantity=\"1\" data-product_id=\"1848\" data-product_sku=\"andmul1\" data-price=\"850\" rel=\"nofollow\" class=\"wp-block-button__link  add_to_cart_button ajax_add_to_cart\">Prida\u0165 do ko\u0161\u00edka<\/a><\/div>\n\t\t\t<\/li><li class=\"wc-block-grid__product\">\n\t\t\t\t<a href=\"https:\/\/www.svetkamenovazdravia.sk\/index.php\/produkt\/andara-2\/\" class=\"wc-block-grid__product-link\">\n\t\t\t\t\t\n\t\t\t\t\t<div class=\"wc-block-grid__product-image\"><img loading=\"lazy\" decoding=\"async\" width=\"324\" height=\"324\" src=\"https:\/\/www.svetkamenovazdravia.sk\/wp-content\/uploads\/2025\/01\/Screenshot_20250109_125911_Gallery-324x324.jpg\" class=\"attachment-woocommerce_thumbnail size-woocommerce_thumbnail\" alt=\"Andara\" srcset=\"https:\/\/www.svetkamenovazdravia.sk\/wp-content\/uploads\/2025\/01\/Screenshot_20250109_125911_Gallery-324x324.jpg 324w, https:\/\/www.svetkamenovazdravia.sk\/wp-content\/uploads\/2025\/01\/Screenshot_20250109_125911_Gallery-150x150.jpg 150w, https:\/\/www.svetkamenovazdravia.sk\/wp-content\/uploads\/2025\/01\/Screenshot_20250109_125911_Gallery-100x100.jpg 100w\" sizes=\"auto, (max-width: 324px) 100vw, 324px\" \/><\/div>\n\t\t\t\t\t<div class=\"wc-block-grid__product-title\">Andara<\/div>\n\t\t\t\t<\/a>\n\t\t\t\t<div class=\"wc-block-grid__product-price price\"><span class=\"woocommerce-Price-amount amount\"><span class=\"woocommerce-Price-currencySymbol\">&euro;<\/span>2.290,00<\/span><\/div>\n\t\t\t\t\n\t\t\t\t<div class=\"wp-block-button wc-block-grid__product-add-to-cart\"><a href=\"?add-to-cart=1837\" aria-label=\"Add to cart: &ldquo;Andara&rdquo;\" data-quantity=\"1\" data-product_id=\"1837\" data-product_sku=\"and2\" data-price=\"2290\" rel=\"nofollow\" class=\"wp-block-button__link  add_to_cart_button ajax_add_to_cart\">Prida\u0165 do ko\u0161\u00edka<\/a><\/div>\n\t\t\t<\/li><li class=\"wc-block-grid__product\">\n\t\t\t\t<a href=\"https:\/\/www.svetkamenovazdravia.sk\/index.php\/produkt\/andara\/\" class=\"wc-block-grid__product-link\">\n\t\t\t\t\t\n\t\t\t\t\t<div class=\"wc-block-grid__product-image\"><img loading=\"lazy\" decoding=\"async\" width=\"324\" height=\"324\" src=\"https:\/\/www.svetkamenovazdravia.sk\/wp-content\/uploads\/2025\/01\/Screenshot_20250109_125618_Gallery-324x324.jpg\" class=\"attachment-woocommerce_thumbnail size-woocommerce_thumbnail\" alt=\"Andara\" srcset=\"https:\/\/www.svetkamenovazdravia.sk\/wp-content\/uploads\/2025\/01\/Screenshot_20250109_125618_Gallery-324x324.jpg 324w, https:\/\/www.svetkamenovazdravia.sk\/wp-content\/uploads\/2025\/01\/Screenshot_20250109_125618_Gallery-150x150.jpg 150w, https:\/\/www.svetkamenovazdravia.sk\/wp-content\/uploads\/2025\/01\/Screenshot_20250109_125618_Gallery-100x100.jpg 100w\" sizes=\"auto, (max-width: 324px) 100vw, 324px\" \/><\/div>\n\t\t\t\t\t<div class=\"wc-block-grid__product-title\">Andara<\/div>\n\t\t\t\t<\/a>\n\t\t\t\t<div class=\"wc-block-grid__product-price price\"><span class=\"woocommerce-Price-amount amount\"><span class=\"woocommerce-Price-currencySymbol\">&euro;<\/span>1.190,00<\/span><\/div>\n\t\t\t\t\n\t\t\t\t<div class=\"wp-block-button wc-block-grid__product-add-to-cart\"><a href=\"?add-to-cart=1828\" aria-label=\"Add to cart: &ldquo;Andara&rdquo;\" data-quantity=\"1\" data-product_id=\"1828\" data-product_sku=\"and1\" data-price=\"1190\" rel=\"nofollow\" class=\"wp-block-button__link  add_to_cart_button ajax_add_to_cart\">Prida\u0165 do ko\u0161\u00edka<\/a><\/div>\n\t\t\t<\/li><li class=\"wc-block-grid__product\">\n\t\t\t\t<a href=\"https:\/\/www.svetkamenovazdravia.sk\/index.php\/produkt\/lapis-lazuli-rucne-brouseny-top-aaa-4\/\" class=\"wc-block-grid__product-link\">\n\t\t\t\t\t\n\t\t\t\t\t<div class=\"wc-block-grid__product-image\"><img loading=\"lazy\" decoding=\"async\" width=\"324\" height=\"324\" src=\"https:\/\/www.svetkamenovazdravia.sk\/wp-content\/uploads\/2023\/07\/20230722_194723-324x324.jpg\" class=\"attachment-woocommerce_thumbnail size-woocommerce_thumbnail\" alt=\"L\u00e1pis lazuli ru\u010dn\u011b brou\u0161en\u00fd TOP AAA\" srcset=\"https:\/\/www.svetkamenovazdravia.sk\/wp-content\/uploads\/2023\/07\/20230722_194723-324x324.jpg 324w, https:\/\/www.svetkamenovazdravia.sk\/wp-content\/uploads\/2023\/07\/20230722_194723-150x150.jpg 150w, https:\/\/www.svetkamenovazdravia.sk\/wp-content\/uploads\/2023\/07\/20230722_194723-100x100.jpg 100w\" sizes=\"auto, (max-width: 324px) 100vw, 324px\" \/><\/div>\n\t\t\t\t\t<div class=\"wc-block-grid__product-title\">L\u00e1pis lazuli ru\u010dn\u011b brou\u0161en\u00fd TOP AAA<\/div>\n\t\t\t\t<\/a>\n\t\t\t\t<div class=\"wc-block-grid__product-price price\"><span class=\"woocommerce-Price-amount amount\"><span class=\"woocommerce-Price-currencySymbol\">&euro;<\/span>75,00<\/span><\/div>\n\t\t\t\t\n\t\t\t\t<div class=\"wp-block-button wc-block-grid__product-add-to-cart\"><a href=\"?add-to-cart=1743\" aria-label=\"Add to cart: &ldquo;L\u00e1pis lazuli ru\u010dn\u011b brou\u0161en\u00fd TOP AAA&rdquo;\" data-quantity=\"1\" data-product_id=\"1743\" data-product_sku=\"LAPF4\" data-price=\"75\" rel=\"nofollow\" class=\"wp-block-button__link  add_to_cart_button ajax_add_to_cart\">Prida\u0165 do ko\u0161\u00edka<\/a><\/div>\n\t\t\t<\/li><li class=\"wc-block-grid__product\">\n\t\t\t\t<a href=\"https:\/\/www.svetkamenovazdravia.sk\/index.php\/produkt\/lapis-lazuli-rucne-brouseny-top-aaa-3\/\" class=\"wc-block-grid__product-link\">\n\t\t\t\t\t\n\t\t\t\t\t<div class=\"wc-block-grid__product-image\"><img loading=\"lazy\" decoding=\"async\" width=\"324\" height=\"324\" src=\"https:\/\/www.svetkamenovazdravia.sk\/wp-content\/uploads\/2023\/07\/20230722_194631-324x324.jpg\" class=\"attachment-woocommerce_thumbnail size-woocommerce_thumbnail\" alt=\"L\u00e1pis lazuli ru\u010dn\u011b brou\u0161en\u00fd TOP AAA\" srcset=\"https:\/\/www.svetkamenovazdravia.sk\/wp-content\/uploads\/2023\/07\/20230722_194631-324x324.jpg 324w, https:\/\/www.svetkamenovazdravia.sk\/wp-content\/uploads\/2023\/07\/20230722_194631-150x150.jpg 150w, https:\/\/www.svetkamenovazdravia.sk\/wp-content\/uploads\/2023\/07\/20230722_194631-100x100.jpg 100w\" sizes=\"auto, (max-width: 324px) 100vw, 324px\" \/><\/div>\n\t\t\t\t\t<div class=\"wc-block-grid__product-title\">L\u00e1pis lazuli ru\u010dn\u011b brou\u0161en\u00fd TOP AAA<\/div>\n\t\t\t\t<\/a>\n\t\t\t\t<div class=\"wc-block-grid__product-price price\"><span class=\"woocommerce-Price-amount amount\"><span class=\"woocommerce-Price-currencySymbol\">&euro;<\/span>50,00<\/span><\/div>\n\t\t\t\t\n\t\t\t\t<div class=\"wp-block-button wc-block-grid__product-add-to-cart\"><a href=\"?add-to-cart=1740\" aria-label=\"Add to cart: &ldquo;L\u00e1pis lazuli ru\u010dn\u011b brou\u0161en\u00fd TOP AAA&rdquo;\" data-quantity=\"1\" data-product_id=\"1740\" data-product_sku=\"LAPF3\" data-price=\"50\" rel=\"nofollow\" class=\"wp-block-button__link  add_to_cart_button ajax_add_to_cart\">Prida\u0165 do ko\u0161\u00edka<\/a><\/div>\n\t\t\t<\/li><li class=\"wc-block-grid__product\">\n\t\t\t\t<a href=\"https:\/\/www.svetkamenovazdravia.sk\/index.php\/produkt\/lapis-lazuli-rucne-brouseny-top-aaa-2\/\" class=\"wc-block-grid__product-link\">\n\t\t\t\t\t\n\t\t\t\t\t<div class=\"wc-block-grid__product-image\"><img loading=\"lazy\" decoding=\"async\" width=\"324\" height=\"324\" src=\"https:\/\/www.svetkamenovazdravia.sk\/wp-content\/uploads\/2023\/07\/20230722_193808-324x324.jpg\" class=\"attachment-woocommerce_thumbnail size-woocommerce_thumbnail\" alt=\"L\u00e1pis lazuli ru\u010dn\u011b brou\u0161en\u00fd TOP AAA\" srcset=\"https:\/\/www.svetkamenovazdravia.sk\/wp-content\/uploads\/2023\/07\/20230722_193808-324x324.jpg 324w, https:\/\/www.svetkamenovazdravia.sk\/wp-content\/uploads\/2023\/07\/20230722_193808-150x150.jpg 150w, https:\/\/www.svetkamenovazdravia.sk\/wp-content\/uploads\/2023\/07\/20230722_193808-100x100.jpg 100w\" sizes=\"auto, (max-width: 324px) 100vw, 324px\" \/><\/div>\n\t\t\t\t\t<div class=\"wc-block-grid__product-title\">L\u00e1pis lazuli ru\u010dn\u011b brou\u0161en\u00fd TOP AAA<\/div>\n\t\t\t\t<\/a>\n\t\t\t\t<div class=\"wc-block-grid__product-price price\"><span class=\"woocommerce-Price-amount amount\"><span class=\"woocommerce-Price-currencySymbol\">&euro;<\/span>80,00<\/span><\/div>\n\t\t\t\t\n\t\t\t\t<div class=\"wp-block-button wc-block-grid__product-add-to-cart\"><a href=\"?add-to-cart=1736\" aria-label=\"Add to cart: &ldquo;L\u00e1pis lazuli ru\u010dn\u011b brou\u0161en\u00fd TOP AAA&rdquo;\" data-quantity=\"1\" data-product_id=\"1736\" data-product_sku=\"LAPF2\" data-price=\"80\" rel=\"nofollow\" class=\"wp-block-button__link  add_to_cart_button ajax_add_to_cart\">Prida\u0165 do ko\u0161\u00edka<\/a><\/div>\n\t\t\t<\/li><\/ul><\/div><div class=\"wp-block-media-text alignwide has-media-on-the-right\"\"><figure class=\"wp-block-media-text__media\"><img loading=\"lazy\" decoding=\"async\" width=\"1920\" height=\"1280\" src=\"https:\/\/svet.kamenovo.cz\/wp-content\/uploads\/2020\/07\/other-small.jpg\" alt=\"\" class=\"wp-image-18\" srcset=\"https:\/\/www.svetkamenovazdravia.sk\/wp-content\/uploads\/2020\/07\/other-small.jpg 1920w, https:\/\/www.svetkamenovazdravia.sk\/wp-content\/uploads\/2020\/07\/other-small-300x200.jpg 300w, https:\/\/www.svetkamenovazdravia.sk\/wp-content\/uploads\/2020\/07\/other-small-1024x683.jpg 1024w, https:\/\/www.svetkamenovazdravia.sk\/wp-content\/uploads\/2020\/07\/other-small-768x512.jpg 768w, https:\/\/www.svetkamenovazdravia.sk\/wp-content\/uploads\/2020\/07\/other-small-1536x1024.jpg 1536w, https:\/\/www.svetkamenovazdravia.sk\/wp-content\/uploads\/2020\/07\/other-small-416x277.jpg 416w\" sizes=\"auto, (max-width: 1920px) 100vw, 1920px\" \/><\/figure><div class=\"wp-block-media-text__content\"><p class=\"has-large-font-size\"><\/p><\/div><\/div><div class=\"wp-block-media-text alignwide\"\"><figure class=\"wp-block-media-text__media\"><img loading=\"lazy\" decoding=\"async\" width=\"1920\" height=\"1280\" src=\"https:\/\/svet.kamenovo.cz\/wp-content\/uploads\/2020\/07\/other-small.jpg\" alt=\"\" class=\"wp-image-18\" srcset=\"https:\/\/www.svetkamenovazdravia.sk\/wp-content\/uploads\/2020\/07\/other-small.jpg 1920w, https:\/\/www.svetkamenovazdravia.sk\/wp-content\/uploads\/2020\/07\/other-small-300x200.jpg 300w, https:\/\/www.svetkamenovazdravia.sk\/wp-content\/uploads\/2020\/07\/other-small-1024x683.jpg 1024w, https:\/\/www.svetkamenovazdravia.sk\/wp-content\/uploads\/2020\/07\/other-small-768x512.jpg 768w, https:\/\/www.svetkamenovazdravia.sk\/wp-content\/uploads\/2020\/07\/other-small-1536x1024.jpg 1536w, https:\/\/www.svetkamenovazdravia.sk\/wp-content\/uploads\/2020\/07\/other-small-416x277.jpg 416w\" sizes=\"auto, (max-width: 1920px) 100vw, 1920px\" \/><\/figure><div class=\"wp-block-media-text__content\"><p class=\"has-large-font-size\"><\/p><\/div><\/div><div class=\"wp-block-media-text alignwide has-media-on-the-right\"\"><figure class=\"wp-block-media-text__media\"><img loading=\"lazy\" decoding=\"async\" width=\"1920\" height=\"1280\" src=\"https:\/\/svet.kamenovo.cz\/wp-content\/uploads\/2020\/07\/other-small.jpg\" alt=\"\" class=\"wp-image-18\" srcset=\"https:\/\/www.svetkamenovazdravia.sk\/wp-content\/uploads\/2020\/07\/other-small.jpg 1920w, https:\/\/www.svetkamenovazdravia.sk\/wp-content\/uploads\/2020\/07\/other-small-300x200.jpg 300w, https:\/\/www.svetkamenovazdravia.sk\/wp-content\/uploads\/2020\/07\/other-small-1024x683.jpg 1024w, https:\/\/www.svetkamenovazdravia.sk\/wp-content\/uploads\/2020\/07\/other-small-768x512.jpg 768w, https:\/\/www.svetkamenovazdravia.sk\/wp-content\/uploads\/2020\/07\/other-small-1536x1024.jpg 1536w, https:\/\/www.svetkamenovazdravia.sk\/wp-content\/uploads\/2020\/07\/other-small-416x277.jpg 416w\" sizes=\"auto, (max-width: 1920px) 100vw, 1920px\" \/><\/figure><div class=\"wp-block-media-text__content\"><p class=\"has-large-font-size\"><\/p><\/div><\/div>","protected":false},"excerpt":{"rendered":"<p>Nov\u00e9 produkty<\/p>\n","protected":false},"author":2,"featured_media":0,"parent":0,"menu_order":0,"comment_status":"closed","ping_status":"closed","template":"","meta":{"ngg_post_thumbnail":0,"_joinchat":[],"footnotes":""},"class_list":["post-17","page","type-page","status-publish","hentry"],"jetpack_sharing_enabled":true,"_links":{"self":[{"href":"https:\/\/www.svetkamenovazdravia.sk\/index.php\/wp-json\/wp\/v2\/pages\/17","targetHints":{"allow":["GET"]}}],"collection":[{"href":"https:\/\/www.svetkamenovazdravia.sk\/index.php\/wp-json\/wp\/v2\/pages"}],"about":[{"href":"https:\/\/www.svetkamenovazdravia.sk\/index.php\/wp-json\/wp\/v2\/types\/page"}],"author":[{"embeddable":true,"href":"https:\/\/www.svetkamenovazdravia.sk\/index.php\/wp-json\/wp\/v2\/users\/2"}],"replies":[{"embeddable":true,"href":"https:\/\/www.svetkamenovazdravia.sk\/index.php\/wp-json\/wp\/v2\/comments?post=17"}],"version-history":[{"count":1,"href":"https:\/\/www.svetkamenovazdravia.sk\/index.php\/wp-json\/wp\/v2\/pages\/17\/revisions"}],"predecessor-version":[{"id":19,"href":"https:\/\/www.svetkamenovazdravia.sk\/index.php\/wp-json\/wp\/v2\/pages\/17\/revisions\/19"}],"wp:attachment":[{"href":"https:\/\/www.svetkamenovazdravia.sk\/index.php\/wp-json\/wp\/v2\/media?parent=17"}],"curies":[{"name":"wp","href":"https:\/\/api.w.org\/{rel}","templated":true}]}}