{"id":234,"date":"2020-08-04T13:30:24","date_gmt":"2020-08-04T13:30:24","guid":{"rendered":"https:\/\/www.svetkamenovazdravia.sk\/?page_id=234"},"modified":"2026-02-11T10:52:10","modified_gmt":"2026-02-11T10:52:10","slug":"o-nas","status":"publish","type":"page","link":"https:\/\/www.svetkamenovazdravia.sk\/index.php\/o-nas\/","title":{"rendered":"O n\u00e1s"},"content":{"rendered":"<div class=\"s-title \">\n<div class=\"s-component s-text\">\n<h3><span style=\"color: #0000ff;\"><strong>Podporujeme projekt \u013dudov\u00e9 umeleck\u00e9 remesl\u00e1<\/strong><\/span><\/h3>\n<\/div>\n<\/div>\n<div class=\"s-subtitle\">\n<div class=\"s-component s-text\">\n<h4><strong><span class=\"s-text-color-black\">Projekt \u013dudov\u00e9 umeleck\u00e9 remesl\u00e1 organizujeme od roku 2009. Pod n\u00e1zvom Tradi\u010dn\u00e9 umeleck\u00e9 remesl\u00e1 sa uskuto\u010dnil prv\u00fdkr\u00e1t na K\u00fape\u013enom ostrove v Pie\u0161\u0165anoch. Postupne prib\u00fadali \u010fal\u0161ie mest\u00e1 \u2013 v roku 2012 Senec, o rok nesk\u00f4r Skalica, \u0160trbsk\u00e9 Pleso. V roku 2016 n\u00e1s mohli vidie\u0165 n\u00e1v\u0161tevn\u00edci aj v Topo\u013e\u010danoch a v roku 2019 na hrade \u010cerven\u00fd Kame\u0148. T\u00fdchto \u0161es\u0165 miest sa stalo z\u00e1kladom pri organizovan\u00ed podujatia \u013dudov\u00e9 umeleck\u00e9 remesl\u00e1.&nbsp;<\/span><\/strong><\/h4>\n<h4><strong>V\u00fdrobou Orgonit\u016f se ji\u017e zab\u00fdv\u00e1me n\u011bkolik let. M\u00e1me s jejich pou\u017eit\u00edm velice dobr\u00e9 zku\u0161enosti. Pro jejich v\u00fdrobu pou\u017e\u00edv\u00e1me ty nejkvalitn\u011bj\u0161\u00ed k\u0159i\u0161\u0165\u00e1lov\u00e9 hroty, kter\u00e9 jsou p\u0159ed ka\u017edou v\u00fdrobou \u0159\u00e1dn\u011b pro\u010di\u0161t\u011bny v k\u0159i\u0161t\u00e1lov\u011b \u010dist\u00e9 vod\u011b potoka, pobl\u00ed\u017e hradu Oko\u0159<\/strong>. &#8230;. <a href=\"https:\/\/www.svetkamenovazdravia.sk\/index.php\/2020\/07\/06\/o-nas\/\"><span style=\"color: #ff0000;\"><strong>TU<\/strong><\/span><\/a><\/h4>\n<p>&nbsp;<\/p>\n<h4>&nbsp;<\/h4>\n<h4>&nbsp;<\/h4>\n<h4><strong><span style=\"color: #ff0000;\">Miner\u00e1ly jsou na\u0161\u00ed velkou z\u00e1libou celo\u017eivotn\u011b, proto k n\u00edm s l\u00e1skou p\u0159istupujeme a pe\u010dliv\u011b vyb\u00edr\u00e1me ka\u017ed\u00fd kus pro Va\u0161\u00ed radost&#8230;.<\/span><\/strong><\/h4>\n<p><img loading=\"lazy\" decoding=\"async\" class=\"alignnone wp-image-269 size-large\" src=\"https:\/\/www.svetkamenovazdravia.sk\/wp-content\/uploads\/2020\/08\/20190531_141839-1024x576.jpg\" alt=\"\" width=\"980\" height=\"551\" srcset=\"https:\/\/www.svetkamenovazdravia.sk\/wp-content\/uploads\/2020\/08\/20190531_141839-1024x576.jpg 1024w, https:\/\/www.svetkamenovazdravia.sk\/wp-content\/uploads\/2020\/08\/20190531_141839-300x169.jpg 300w, https:\/\/www.svetkamenovazdravia.sk\/wp-content\/uploads\/2020\/08\/20190531_141839-768x432.jpg 768w, https:\/\/www.svetkamenovazdravia.sk\/wp-content\/uploads\/2020\/08\/20190531_141839-1536x864.jpg 1536w, https:\/\/www.svetkamenovazdravia.sk\/wp-content\/uploads\/2020\/08\/20190531_141839-416x234.jpg 416w, https:\/\/www.svetkamenovazdravia.sk\/wp-content\/uploads\/2020\/08\/20190531_141839.jpg 1542w\" sizes=\"auto, (max-width: 980px) 100vw, 980px\" \/><\/p>\n<p><img loading=\"lazy\" decoding=\"async\" class=\"aligncenter wp-image-263 size-full\" src=\"https:\/\/www.svetkamenovazdravia.sk\/wp-content\/uploads\/2020\/08\/20190519_141426.jpg\" alt=\"\" width=\"1412\" height=\"794\" srcset=\"https:\/\/www.svetkamenovazdravia.sk\/wp-content\/uploads\/2020\/08\/20190519_141426.jpg 1412w, https:\/\/www.svetkamenovazdravia.sk\/wp-content\/uploads\/2020\/08\/20190519_141426-300x169.jpg 300w, https:\/\/www.svetkamenovazdravia.sk\/wp-content\/uploads\/2020\/08\/20190519_141426-1024x576.jpg 1024w, https:\/\/www.svetkamenovazdravia.sk\/wp-content\/uploads\/2020\/08\/20190519_141426-768x432.jpg 768w, https:\/\/www.svetkamenovazdravia.sk\/wp-content\/uploads\/2020\/08\/20190519_141426-416x234.jpg 416w\" sizes=\"auto, (max-width: 1412px) 100vw, 1412px\" \/> <img loading=\"lazy\" decoding=\"async\" class=\"aligncenter wp-image-264 size-full\" src=\"https:\/\/www.svetkamenovazdravia.sk\/wp-content\/uploads\/2020\/08\/20190519_164528.jpg\" alt=\"\" width=\"1542\" height=\"867\" srcset=\"https:\/\/www.svetkamenovazdravia.sk\/wp-content\/uploads\/2020\/08\/20190519_164528.jpg 1542w, https:\/\/www.svetkamenovazdravia.sk\/wp-content\/uploads\/2020\/08\/20190519_164528-300x169.jpg 300w, https:\/\/www.svetkamenovazdravia.sk\/wp-content\/uploads\/2020\/08\/20190519_164528-1024x576.jpg 1024w, https:\/\/www.svetkamenovazdravia.sk\/wp-content\/uploads\/2020\/08\/20190519_164528-768x432.jpg 768w, https:\/\/www.svetkamenovazdravia.sk\/wp-content\/uploads\/2020\/08\/20190519_164528-1536x864.jpg 1536w, https:\/\/www.svetkamenovazdravia.sk\/wp-content\/uploads\/2020\/08\/20190519_164528-416x234.jpg 416w\" sizes=\"auto, (max-width: 1542px) 100vw, 1542px\" \/> <img loading=\"lazy\" decoding=\"async\" class=\"aligncenter wp-image-265 size-full\" src=\"https:\/\/www.svetkamenovazdravia.sk\/wp-content\/uploads\/2020\/08\/20190601_150713.jpg\" alt=\"\" width=\"1412\" height=\"794\" srcset=\"https:\/\/www.svetkamenovazdravia.sk\/wp-content\/uploads\/2020\/08\/20190601_150713.jpg 1412w, https:\/\/www.svetkamenovazdravia.sk\/wp-content\/uploads\/2020\/08\/20190601_150713-300x169.jpg 300w, https:\/\/www.svetkamenovazdravia.sk\/wp-content\/uploads\/2020\/08\/20190601_150713-1024x576.jpg 1024w, https:\/\/www.svetkamenovazdravia.sk\/wp-content\/uploads\/2020\/08\/20190601_150713-768x432.jpg 768w, https:\/\/www.svetkamenovazdravia.sk\/wp-content\/uploads\/2020\/08\/20190601_150713-416x234.jpg 416w\" sizes=\"auto, (max-width: 1412px) 100vw, 1412px\" \/> <img loading=\"lazy\" decoding=\"async\" class=\"aligncenter wp-image-266 size-full\" src=\"https:\/\/www.svetkamenovazdravia.sk\/wp-content\/uploads\/2020\/08\/20190601_151819.jpg\" alt=\"\" width=\"1412\" height=\"794\" srcset=\"https:\/\/www.svetkamenovazdravia.sk\/wp-content\/uploads\/2020\/08\/20190601_151819.jpg 1412w, https:\/\/www.svetkamenovazdravia.sk\/wp-content\/uploads\/2020\/08\/20190601_151819-300x169.jpg 300w, https:\/\/www.svetkamenovazdravia.sk\/wp-content\/uploads\/2020\/08\/20190601_151819-1024x576.jpg 1024w, https:\/\/www.svetkamenovazdravia.sk\/wp-content\/uploads\/2020\/08\/20190601_151819-768x432.jpg 768w, https:\/\/www.svetkamenovazdravia.sk\/wp-content\/uploads\/2020\/08\/20190601_151819-416x234.jpg 416w\" sizes=\"auto, (max-width: 1412px) 100vw, 1412px\" \/> <img loading=\"lazy\" decoding=\"async\" class=\"aligncenter wp-image-267 size-full\" src=\"https:\/\/www.svetkamenovazdravia.sk\/wp-content\/uploads\/2020\/08\/20190601_152359.jpg\" alt=\"\" width=\"1412\" height=\"794\" srcset=\"https:\/\/www.svetkamenovazdravia.sk\/wp-content\/uploads\/2020\/08\/20190601_152359.jpg 1412w, https:\/\/www.svetkamenovazdravia.sk\/wp-content\/uploads\/2020\/08\/20190601_152359-300x169.jpg 300w, https:\/\/www.svetkamenovazdravia.sk\/wp-content\/uploads\/2020\/08\/20190601_152359-1024x576.jpg 1024w, https:\/\/www.svetkamenovazdravia.sk\/wp-content\/uploads\/2020\/08\/20190601_152359-768x432.jpg 768w, https:\/\/www.svetkamenovazdravia.sk\/wp-content\/uploads\/2020\/08\/20190601_152359-416x234.jpg 416w\" sizes=\"auto, (max-width: 1412px) 100vw, 1412px\" \/><\/p>\n<p>&nbsp;<\/p>\n<\/div>\n<\/div>\n","protected":false},"excerpt":{"rendered":"<p>Podporujeme projekt \u013dudov\u00e9 umeleck\u00e9 remesl\u00e1 Projekt \u013dudov\u00e9 umeleck\u00e9 remesl\u00e1 organizujeme od roku 2009. Pod n\u00e1zvom Tradi\u010dn\u00e9 umeleck\u00e9 remesl\u00e1 sa uskuto\u010dnil prv\u00fdkr\u00e1t na K\u00fape\u013enom ostrove v Pie\u0161\u0165anoch. Postupne prib\u00fadali \u010fal\u0161ie mest\u00e1 \u2013 v roku 2012 Senec, o rok nesk\u00f4r Skalica, \u0160trbsk\u00e9 Pleso. V roku 2016 n\u00e1s mohli vidie\u0165 n\u00e1v\u0161tevn\u00edci aj v Topo\u013e\u010danoch a v roku 2019 [&hellip;]<\/p>\n","protected":false},"author":2,"featured_media":259,"parent":0,"menu_order":0,"comment_status":"closed","ping_status":"closed","template":"","meta":{"ngg_post_thumbnail":0,"_joinchat":[],"footnotes":""},"class_list":["post-234","page","type-page","status-publish","has-post-thumbnail","hentry"],"jetpack_sharing_enabled":true,"_links":{"self":[{"href":"https:\/\/www.svetkamenovazdravia.sk\/index.php\/wp-json\/wp\/v2\/pages\/234","targetHints":{"allow":["GET"]}}],"collection":[{"href":"https:\/\/www.svetkamenovazdravia.sk\/index.php\/wp-json\/wp\/v2\/pages"}],"about":[{"href":"https:\/\/www.svetkamenovazdravia.sk\/index.php\/wp-json\/wp\/v2\/types\/page"}],"author":[{"embeddable":true,"href":"https:\/\/www.svetkamenovazdravia.sk\/index.php\/wp-json\/wp\/v2\/users\/2"}],"replies":[{"embeddable":true,"href":"https:\/\/www.svetkamenovazdravia.sk\/index.php\/wp-json\/wp\/v2\/comments?post=234"}],"version-history":[{"count":6,"href":"https:\/\/www.svetkamenovazdravia.sk\/index.php\/wp-json\/wp\/v2\/pages\/234\/revisions"}],"predecessor-version":[{"id":1936,"href":"https:\/\/www.svetkamenovazdravia.sk\/index.php\/wp-json\/wp\/v2\/pages\/234\/revisions\/1936"}],"wp:featuredmedia":[{"embeddable":true,"href":"https:\/\/www.svetkamenovazdravia.sk\/index.php\/wp-json\/wp\/v2\/media\/259"}],"wp:attachment":[{"href":"https:\/\/www.svetkamenovazdravia.sk\/index.php\/wp-json\/wp\/v2\/media?parent=234"}],"curies":[{"name":"wp","href":"https:\/\/api.w.org\/{rel}","templated":true}]}}