{"id":3,"date":"2020-07-02T13:26:18","date_gmt":"2020-07-02T13:26:18","guid":{"rendered":"http:\/\/svet.kamenovo.cz\/?page_id=3"},"modified":"2020-07-07T18:55:18","modified_gmt":"2020-07-07T18:55:18","slug":"privacy-policy","status":"publish","type":"page","link":"https:\/\/www.svetkamenovazdravia.sk\/index.php\/privacy-policy\/","title":{"rendered":"Z\u00e1sady ochrany osobn\u00fdch \u00fadajov"},"content":{"rendered":"<h2 class=\"wp-block-heading\"><strong>Spracovanieosobn\u00fdch\u00fadajov v s\u00falade s nariaden\u00edm E\u00da<\/strong><\/h2><p><strong>V s\u00favislosti so v\u0161eobecn\u00fdm eur\u00f3pskymnariaden\u00edm o ochraneosobn\u00fdch\u00fadajov (angl. skratkaGDPR &#8211; General Data ProtectionRegulation) V\u00e1s pros\u00edme o vyjadrenies\u00fahlasu so spracovan\u00edm Va\u0161ich osobn\u00fdch\u00fadajov v e-shope SVET KAME\u0147OV A ZDRAVIA. \u00da\u010delomnariadenia GDPR je vy\u0161\u0161iamiera ochrany Va\u0161ich osobn\u00fdch\u00fadajov a preh\u013ead o ichspracovan\u00ed a Va\u0161ich pr\u00e1vach.<\/strong><\/p><p><strong>Va\u0161e osobn\u00e9 \u00fadaje s\u00faspracov\u00e1van\u00e9v\u00fdhradne v s\u00falade s platnou legislat\u00edvou. Osobn\u00e9 \u00fadaje spracov\u00e1vamev\u00fdhradnesos\u00fahlasom klienta. Je iba na jeho slobodnom rozhodnut\u00ed, \u010di svojs\u00fahlas v naminavrhnutom rozsahu poskytne, alebo neposkytne. Poskytnuties\u00fahlasu je \u00faplnedobrovo\u013en\u00e9 a raz poskytnut\u00fd s\u00fahlas je mo\u017en\u00e9 kedyko\u013evekodvola\u0165. Rozsahom poskytnut\u00e9ho s\u00fahlasusmeviazan\u00fd a plne ho re\u0161pektujeme.<\/strong><\/p><p><strong>1. \u00da\u010del spracovania<\/strong><\/p><p><strong>Va\u0161e osobn\u00e9 \u00fadaje budeme spracov\u00e1va\u0165 za \u00fa\u010delomrealiz\u00e1cie Va\u0161ich objedn\u00e1vok, objednan\u00fdch slu\u017eieb, faktur\u00e1ciealebopre \u00fa\u010dely doru\u010deniaobjedn\u00e1vok na Va\u0161ukontaktn\u00fa adresu.<\/strong><\/p><p><strong>2. Rozsah spracovania<\/strong><\/p><p><strong>Spracov\u00e1vamenasleduj\u00facez\u00e1kazn\u00edcke \u00fadaje, ktor\u00e9s\u00fapotrebn\u00e9prerealiz\u00e1ciuobjedn\u00e1vok a ktor\u00e9 n\u00e1m poskytujete vedome:<\/strong><\/p><ul class=\"wp-block-list\"><li><strong>meno<\/strong><\/li><li><strong>priezvisko<\/strong><\/li><li><strong>ulica a s\u00fapisn\u00e9 \u010d\u00edslo<\/strong><\/li><li><strong>po\u0161tov\u00e9smerovacie \u010d\u00edslo<\/strong><\/li><li><strong>mesto<\/strong><\/li><li><strong>\u0161t\u00e1t<\/strong><\/li><li><strong>krajina<\/strong><\/li><li><strong>telef\u00f3nne \u010d\u00edslo<\/strong><\/li><li><strong>n\u00e1zovspolo\u010dnosti<\/strong><\/li><li><strong>I\u010cO<\/strong><\/li><li><strong>DI\u010c<\/strong><\/li><li><strong>I\u010c DPH<\/strong><\/li><li><strong>e-mailov\u00e1 adresa<\/strong><\/li><\/ul><p><strong>\u00dadaje, ktor\u00e9 n\u00e1m poskytujete nevedome:<\/strong><\/p><ul class=\"wp-block-list\"><li><strong>IP adresa<\/strong><\/li><\/ul><p><strong>3. Doba spracovania<\/strong><\/p><p><strong>Va\u0161e osobn\u00e9 \u00fadaje bud\u00fabezpe\u010dne ulo\u017een\u00e9, zhroma\u017e\u010fovan\u00e9, spracov\u00e1van\u00e9 a archivovan\u00e9 z d\u00f4voduvedenia\u00fa\u010dtovn\u00fdchz\u00e1znamov a dokladov po dobu 10 rokov (na z\u00e1klade \u010dl\u00e1nku \u010d. 431\/2002 Z.z. o \u00fa\u010dtovn\u00edctve v znen\u00edneskor\u0161\u00edchpredpisov) od poslednejrealizovanej objedn\u00e1vky.<\/strong><\/p><p><strong>4. S\u00faboryCookies<\/strong><\/p><p><strong>Prepotrebyprisp\u00f4sobenia obsahu n\u00e1\u0161ho e-shopu Va\u0161im preferenci\u00e1mpou\u017e\u00edvames\u00faboryCookies. Cookiess\u00fa mal\u00e9 d\u00e1tov\u00e9s\u00fabory, ktor\u00e9 si uklad\u00e1 n\u00e1\u0161 e-shop do V\u00e1\u0161ho webov\u00e9ho prehliada\u010dapri jeho n\u00e1v\u0161teve. Pokia\u013enes\u00fahlas\u00edte s pou\u017eit\u00edm s\u00faborovCookies, nastavte si vlastn\u00e9pravidl\u00e1prepou\u017eitieCookiesvowebovomprehliada\u010di na Va\u0161omzariaden\u00ed. V pr\u00edpade, \u017ee zak\u00e1\u017eete pou\u017eities\u00faborovCookies, m\u00f4\u017ee by\u0165 funk\u010dnos\u0165 e-shopuobmedzen\u00e1.<\/strong><\/p><p><strong>5. Webov\u00e1 metrika a analytika<\/strong><\/p><p><strong>Jedn\u00e1 sa o konverzn\u00e9, alebopixelov\u00e9 zna\u010dky, pr\u00edpadne mal\u00e9 grafick\u00e9 obr\u00e1zky, ktor\u00e9m\u00f4\u017eu by\u0165 za\u010dlenen\u00e9 v k\u00f3de n\u00e1\u0161ho e-shopu a na z\u00e1kladektor\u00fdch je mo\u017en\u00e1 identifik\u00e1ciapou\u017e\u00edvate\u013eapre \u00fa\u010dely zaznamenania jeho spr\u00e1vaniasa a meranian\u00e1v\u0161tevnosti.<\/strong><\/p><p><strong>Vyu\u017e\u00edvamenasleduj\u00face syst\u00e9my:<\/strong><\/p><ul class=\"wp-block-list\"><li><strong>GoogleAnylitics<\/strong><\/li><\/ul><p><strong>6. Reklamn\u00e9 a propaga\u010dn\u00e9 slu\u017eby<\/strong><\/p><p><strong>V e-shopepou\u017e\u00edvame mimo vybaveniaobjedn\u00e1vok Va\u0161e kontakty k zasielaniureklamn\u00fdch, alebo obchodn\u00fdch ozn\u00e1men\u00ed. Jedn\u00e1 sa o spracovanienasleduj\u00facich\u00fadajov:<\/strong><\/p><ul class=\"wp-block-list\"><li><strong>meno<\/strong><\/li><li><strong>priezvisko<\/strong><\/li><li><strong>e-mailov\u00e1 adresa<\/strong><\/li><\/ul><p><strong>\u00dadaje pou\u017e\u00edvate\u013eov, ktor\u00edsaprihl\u00e1sili k odoberaniunoviniek z e-shopu (tzv. Newsletter) s\u00faodosielan\u00e9 a spracov\u00e1van\u00e9tre\u0165ou stranou mimo EU &#8211; spolo\u010dnos\u0165ou he Rocket Science Group, ktor\u00e1prev\u00e1dzkuje slu\u017ebu Mailchimp a ktor\u00e1dodr\u017eiava z\u00e1sady eur\u00f3pskehonariadenia na ochranu osobn\u00fdch\u00fadajov. Dostupn\u00e9 s\u00fa na webovej adrese mailchimp.com<\/strong><\/p><p><strong>7. Pr\u00e1vo na pr\u00edstup k \u00fadajom<\/strong><\/p><p><strong>Pou\u017e\u00edvate\u013e e-shopu m\u00e1 pr\u00e1vo na z\u00edskanieinform\u00e1ci\u00ed o \u00fa\u010dele a rozsahu spracovania jeho osobn\u00fdch\u00fadajov.<\/strong><\/p><p><strong>8. Pr\u00e1vo na prenosite\u013enos\u0165\u00fadajov<\/strong><\/p><p><strong>Povinnos\u0165ouspr\u00e1vcu je preda\u0165nosite\u013eovi\u00fadajovv\u0161etky o \u0148omspracov\u00e1van\u00e9inform\u00e1cie v \u0161trukt\u00farovanom, be\u017enepou\u017e\u00edvanom, strojovo\u010ditate\u013enom form\u00e1te. Uplatnen\u00edmtohto pr\u00e1va z\u00edskavapou\u017e\u00edvate\u013e kontrolu nad svojimiosobn\u00fdmi\u00fadajmi a m\u00e1 rovnakomo\u017enos\u0165ich v takto z\u00edskanejpodobepreda\u0165in\u00e9mu spr\u00e1vcovi.<\/strong><\/p><p><strong>N\u00e1stroj prestiahnutie\u00fadajov je pou\u017e\u00edvate\u013eovidostupn\u00fd v \u010dasti &#8222;\u00da\u010det &gt; Ochrana osobn\u00fdch\u00fadajov (GDPR)&#8220; svojhoz\u00e1kazn\u00edckeho \u00fa\u010dtu.<\/strong><\/p><p><strong>9. Pr\u00e1vo na opravu \u00fadajov<\/strong><\/p><p><strong>Pou\u017e\u00edvate\u013e m\u00e1 pr\u00e1vo v pr\u00edpadepodozrenia na nespr\u00e1vnos\u0165 ulo\u017een\u00fdch \u00fadajovpo\u017eiada\u0165spr\u00e1vcu\u00fadajov o opravu. Svoje \u00fadaje si m\u00f4\u017eeupravova\u0165 v \u010dasti &#8222;\u00da\u010det&#8220; svojhoz\u00e1kazn\u00edckeho \u00fa\u010dtu.<\/strong><\/p><p><strong>10. Pr\u00e1vo na obmedzen\u00e9spracovanie\u00fadajov<\/strong><\/p><p><strong>Pou\u017e\u00edvate\u013e m\u00e1 pr\u00e1vo na to, aby spr\u00e1vcaobmedzilspracovanie jeho osobn\u00fdch\u00fadajov, aleboznepr\u00edstupnil vybran\u00e9 osobn\u00e9 \u00fadaje, alebodo\u010dasneodstr\u00e1nilzverejnen\u00e9 \u00fadaje.<\/strong><\/p><p><strong>11. Pr\u00e1vo na vymazanie\u00fadajov<\/strong><\/p><p><strong>Pou\u017e\u00edvate\u013e m\u00e1 pr\u00e1vo na vymazaniesvojichosobn\u00fdch\u00fadajov bez zbyto\u010dn\u00e9ho odkladu, pokia\u013e u\u017e nies\u00fapotrebn\u00e9pre \u00fa\u010del, prektor\u00fdbolizhroma\u017e\u010fovan\u00e9, alebospracov\u00e1van\u00e9 a pominul z\u00e1konn\u00fd d\u00f4vodichpr\u00edpadnejarchiv\u00e1cie. Pripo\u017eiadavke na vymazanie\u00fadajovbud\u00fav\u0161etkynen\u00e1vratne vymazan\u00e9 a s\u00favisiace objedn\u00e1vky (akexistuj\u00fa) anonymizovan\u00e9.<\/strong><\/p><p><strong>12. Pr\u00e1vo na zabudnutie<\/strong><\/p><p><strong>Pou\u017e\u00edvate\u013e m\u00e1 pr\u00e1vo na vykonanieprimeran\u00fdchkrokov, vr\u00e1tane technick\u00fdch opatren\u00ed, k vymazaniuv\u0161etk\u00fdchodkazov na svoje osobn\u00e9 \u00fadaje a ichk\u00f3pie, ak pominul z\u00e1konn\u00fd d\u00f4vodichpr\u00edpadnejarchiv\u00e1cie.<\/strong><\/p><p><strong>13. Pr\u00e1vo vznies\u0165n\u00e1mietku<\/strong><\/p><p><strong>Pou\u017e\u00edvate\u013e m\u00e1 pr\u00e1vo vznies\u0165n\u00e1mietku proti spracovaniuosobn\u00fdch\u00fadajov, alebopokia\u013e nem\u00e1 mo\u017enos\u0165uplatni\u0165 pr\u00e1vo na v\u00fdmaz.<\/strong><\/p><p><strong>14. Pr\u00e1vo poda\u0165s\u0165a\u017enos\u0165<\/strong><\/p><p><strong>Pou\u017e\u00edvate\u013e m\u00e1 pr\u00e1vo poda\u0165s\u0165a\u017enos\u0165 dozorn\u00e9mu org\u00e1nu pokia\u013esadomnieva, \u017ee spracovan\u00edm jeho osobn\u00fdch\u00fadajov je v rozpore s nariaden\u00edm GDPR.<\/strong><\/p><p><strong>15. Zaznamen\u00e1vaniepo\u017eiadaviekpou\u017e\u00edvate\u013eov<\/strong><\/p><p><strong>Prev\u00e1dzkovate\u013e e-shopu je povinn\u00fd zaznamen\u00e1va\u0165v\u0161etkypo\u017eiadavkypou\u017e\u00edvate\u013eov v s\u00favislostisostiahnut\u00edm, opravou a vymazan\u00edm jeho \u00fadajov.<\/strong><\/p><p><strong>16. Zabezpe\u010denie ochrany \u00fadajov<\/strong><\/p><p><strong>Disponujeme modern\u00fdmi technick\u00fdmi a bezpe\u010dnostn\u00fdmimechanizmamizabezpe\u010duj\u00facimi ochranu spracov\u00e1van\u00fdch\u00fadajovpredneopr\u00e1vnen\u00fdmpr\u00edstupomaleboprenosom, predichstratoualebo zni\u010den\u00edm, aleboin\u00fdm mo\u017en\u00fdm zneu\u017eit\u00edm.<\/strong><\/p><p><strong>V pr\u00edpadeneposkytnutias\u00fahlasu a osobn\u00fdch\u00fadajov V\u00e1m nebudeme m\u00f4c\u0165 na z\u00e1kladeEur\u00f3pskehonariadenia o ochraneosobn\u00fdch\u00fadajovposkytn\u00fa\u0165\u017eiadne slu\u017eby.<\/strong><\/p><p><strong>v Prievidzi, 12.4.2020<\/strong><\/p>","protected":false},"excerpt":{"rendered":"<p>Spracovanieosobn\u00fdch\u00fadajov v s\u00falade s nariaden\u00edm E\u00da V s\u00favislosti so v\u0161eobecn\u00fdm eur\u00f3pskymnariaden\u00edm o ochraneosobn\u00fdch\u00fadajov (angl. skratkaGDPR &#8211; General Data ProtectionRegulation) V\u00e1s pros\u00edme o vyjadrenies\u00fahlasu so spracovan\u00edm Va\u0161ich osobn\u00fdch\u00fadajov v e-shope SVET KAME\u0147OV A ZDRAVIA. \u00da\u010delomnariadenia GDPR je vy\u0161\u0161iamiera ochrany Va\u0161ich osobn\u00fdch\u00fadajov a preh\u013ead o ichspracovan\u00ed a Va\u0161ich pr\u00e1vach. Va\u0161e osobn\u00e9 \u00fadaje s\u00faspracov\u00e1van\u00e9v\u00fdhradne v s\u00falade s platnou [&hellip;]<\/p>\n","protected":false},"author":2,"featured_media":0,"parent":0,"menu_order":0,"comment_status":"closed","ping_status":"closed","template":"","meta":{"ngg_post_thumbnail":0,"_joinchat":[],"footnotes":""},"class_list":["post-3","page","type-page","status-publish","hentry"],"jetpack_sharing_enabled":true,"_links":{"self":[{"href":"https:\/\/www.svetkamenovazdravia.sk\/index.php\/wp-json\/wp\/v2\/pages\/3","targetHints":{"allow":["GET"]}}],"collection":[{"href":"https:\/\/www.svetkamenovazdravia.sk\/index.php\/wp-json\/wp\/v2\/pages"}],"about":[{"href":"https:\/\/www.svetkamenovazdravia.sk\/index.php\/wp-json\/wp\/v2\/types\/page"}],"author":[{"embeddable":true,"href":"https:\/\/www.svetkamenovazdravia.sk\/index.php\/wp-json\/wp\/v2\/users\/2"}],"replies":[{"embeddable":true,"href":"https:\/\/www.svetkamenovazdravia.sk\/index.php\/wp-json\/wp\/v2\/comments?post=3"}],"version-history":[{"count":4,"href":"https:\/\/www.svetkamenovazdravia.sk\/index.php\/wp-json\/wp\/v2\/pages\/3\/revisions"}],"predecessor-version":[{"id":158,"href":"https:\/\/www.svetkamenovazdravia.sk\/index.php\/wp-json\/wp\/v2\/pages\/3\/revisions\/158"}],"wp:attachment":[{"href":"https:\/\/www.svetkamenovazdravia.sk\/index.php\/wp-json\/wp\/v2\/media?parent=3"}],"curies":[{"name":"wp","href":"https:\/\/api.w.org\/{rel}","templated":true}]}}