{"id":1227,"date":"2022-02-11T18:34:11","date_gmt":"2022-02-11T18:34:11","guid":{"rendered":"https:\/\/www.svetkamenovazdravia.sk\/?post_type=product&#038;p=1227"},"modified":"2022-02-11T21:15:26","modified_gmt":"2022-02-11T21:15:26","slug":"ruzenin-generator","status":"publish","type":"product","link":"https:\/\/www.svetkamenovazdravia.sk\/index.php\/produkt\/ruzenin-generator\/","title":{"rendered":"R\u016f\u017een\u00edn \u2013 gener\u00e1tor"},"content":{"rendered":"<p><strong>Barva:<\/strong>&nbsp;R\u016f\u017eov\u00fd<\/p>\n<p><strong>Vzhled:&nbsp;<\/strong>V\u011bt\u0161inou pr\u016fsvitn\u00fd, n\u011bkdy pr\u016fhledn\u00fd. Ve v\u0161ech velikostech<\/p>\n<p><strong>Vlastnosti:&nbsp;<\/strong>R\u016f\u017een\u00edn je kamenem nepodm\u00edn\u011bn\u00e9 l\u00e1sky a nekone\u010dn\u00e9ho m\u00edru. Jedn\u00e1 se o jeden z&nbsp;<strong>nejd\u016fle\u017eit\u011bj\u0161\u00edch krystal\u016f pro srdce a srde\u010dn\u00ed \u010dakru<\/strong>. P\u0159in\u00e1\u0161\u00ed pou\u010den\u00ed o skute\u010dn\u00e9 podstat\u011b l\u00e1sky. \u010cist\u00ed a otev\u00edr\u00e1 srdce na v\u0161ech \u00farovn\u00edch. Vn\u00e1\u0161\u00ed do n\u011bj vnit\u0159n\u00ed hojen\u00ed a l\u00e1sku k sob\u011b sam\u00e9mu. M\u00e1 uklid\u0148uj\u00edc\u00ed, ti\u0161\u00edc\u00ed \u00fa\u010dinek. V\u00fdborn\u011b poslou\u017e\u00ed ve chv\u00edl\u00edch traumat nebo kriz\u00ed. Pokud k sob\u011b chcete p\u0159il\u00e1kat l\u00e1sku, nemus\u00edte hledat u\u017e nic jin\u00e9ho ne\u017e r\u016f\u017eov\u00fd k\u0159emen. Jestli\u017ee jej polo\u017e\u00edte vedle postele nebo do rohu vztah\u016f ve sv\u00e9m byt\u011b, bude k v\u00e1m p\u0159itahovat l\u00e1sku a nov\u00e9 vztahy tak \u00fa\u010dinn\u011b, \u017ee budete \u010dasto pot\u0159ebovat ametyst, aby se jeho \u00fa\u010dinek pon\u011bkud zm\u00edrnil. V existuj\u00edc\u00edch vztaz\u00edch obnovuje d\u016fv\u011bru a harmonii a podn\u011bcuje projevy nezi\u0161tn\u00e9 l\u00e1sky.<\/p>\n<p>R\u016f\u017een\u00edn odstra\u0148uje negativn\u00ed energii a nahrazuje ji milostn\u00fdmi vibracemi. Posiluje empatii a citlivost. Pom\u00e1h\u00e1 p\u0159ij\u00edmat nezbytnost zm\u011bn. Jedn\u00e1 se o vynikaj\u00edc\u00ed k\u00e1men pro zdol\u00e1v\u00e1n\u00ed krize st\u0159edn\u00edho v\u011bku. Pokud dr\u017e\u00edte v ruce r\u016f\u017eov\u00fd k\u0159emen, zvy\u0161ujete nad\u011bji na kladn\u00e9 p\u0159ijet\u00ed. K\u00e1men v\u00e1m rovn\u011b\u017e dok\u00e1\u017ee p\u0159ipomenout va\u0161e \u00famysly. Tento n\u00e1dhern\u00fd krystal p\u0159in\u00e1\u0161\u00ed citlivost na v\u0161e kr\u00e1sn\u00e9.<\/p>\n<p>R\u016f\u017eov\u00fd k\u0159emen je nejlep\u0161\u00ed l\u00e9\u010ditel cit\u016f. Dok\u00e1\u017ee vyhledat neop\u011btovan\u00e9 city a bolesti srdce a posl\u00e9ze ji\u017e nefunk\u010dn\u00ed a ni\u010demu neslou\u017e\u00edc\u00ed emocion\u00e1ln\u00ed stavy p\u0159etvo\u0159\u00ed. Vyhoj\u00ed vnit\u0159n\u00ed bolest a str\u00e1d\u00e1n\u00ed. Pokud jste zat\u00edm nedok\u00e1zali p\u0159ijmout l\u00e1sku, otev\u0159e r\u016f\u017een\u00edn va\u0161e srdce, abyste byli vst\u0159\u00edcn\u011bj\u0161\u00ed. Jestli\u017ee jste milovali a l\u00e1sku ztratili, ulev\u00ed va\u0161emu smutku. R\u016f\u017eov\u00fd k\u0159emen v\u00e1s nau\u010d\u00ed, jak milovat samy sebe, a vdechne v\u00e1m nov\u00fd \u017eivot, pokud si mysl\u00edte, \u017ee v\u00e1s nikdo milovat nem\u016f\u017ee. Nebudete moci p\u0159ijmout l\u00e1sku jin\u00e9ho \u010dlov\u011bka, dokud nedok\u00e1\u017eete milovat samy sebe. Tento k\u00e1men vede k odpu\u0161t\u011bn\u00ed sob\u011b sam\u00e9mu a vyvol\u00e1v\u00e1 sebed\u016fv\u011bru spojenou s uzn\u00e1n\u00edm vlastn\u00ed ceny.<\/p>\n<p><strong>L\u00e9\u010debn\u00e9 vyu\u017eit\u00ed:<\/strong>&nbsp;R\u016f\u017een\u00edn posiluje srdce i ob\u011bhov\u00fd syst\u00e9m a odstra\u0148uje ne\u010distoty z t\u011bln\u00edch tekutin. Pokud se polo\u017e\u00ed na brzl\u00edk, dok\u00e1\u017ee pomoci s probl\u00e9my s\u00eddl\u00edc\u00edmi v hrudn\u00edku nebo plic\u00edch. Uzdravuje ledviny a nadledvinky. Odstra\u0148uje z\u00e1vrat\u011b a \u00fadajn\u011b zvy\u0161uje plodnost. Tento k\u00e1men nebo jeho elix\u00edr hoj\u00ed pop\u00e1leniny i puch\u00fd\u0159e a vyhlazuje ple\u0165. Pom\u00e1h\u00e1 p\u0159i Alzheimerov\u011b a Parkinsonov\u011b nemoci a p\u0159i sta\u0159eck\u00e9 demenci.<\/p>\n<p><strong>Um\u00edst\u011bn\u00ed: Noste zejm\u00e9na na srdci<\/strong>. Polo\u017ete na srdce, na m\u00edsto brzl\u00edku nebo do rohu vztah\u016f v m\u00edstnosti.<\/p>\n","protected":false},"excerpt":{"rendered":"<h4><strong>Vlastnosti kamene<\/strong>&nbsp;<a href=\"https:\/\/kamenovo.cz\/index.php\/2018\/07\/08\/kristal-zahnedaruzenin-kremen\/\"><strong>TU<\/strong><\/a><\/h4>\n<h3><span style=\"color: #ff0000;\"><strong>MEGA GENER\u00c1TOR \u26f0\u26f0\u26f0<\/strong><\/span><\/h3>\n<div class=\"o9v6fnle cxmmr5t8 oygrvhab hcukyx3x c1et5uql ii04i59q\">\n<ul>\n<li dir=\"auto\">stimuluje lymfaticky\u0301 syste\u0301m<\/li>\n<\/ul>\n<\/div>\n<div class=\"o9v6fnle cxmmr5t8 oygrvhab hcukyx3x c1et5uql ii04i59q\">\n<ul>\n<li dir=\"auto\">vhodny\u0301 pre vs\u030cetky&nbsp;<\/li>\n<\/ul>\n<\/div>\n<div class=\"o9v6fnle cxmmr5t8 oygrvhab hcukyx3x c1et5uql ii04i59q\">\n<ul>\n<li dir=\"auto\">detoxikac\u030cny\u0301 efekt<\/li>\n<\/ul>\n<\/div>\n<div class=\"o9v6fnle cxmmr5t8 oygrvhab hcukyx3x c1et5uql ii04i59q\">\n<ul>\n<li dir=\"auto\">podporuje krvny\u0301 obeh<\/li>\n<\/ul>\n<\/div>\n","protected":false},"featured_media":1228,"comment_status":"open","ping_status":"closed","template":"","meta":{"ngg_post_thumbnail":0,"_joinchat":[]},"product_cat":[54],"product_tag":[],"class_list":{"0":"post-1227","1":"product","2":"type-product","3":"status-publish","4":"has-post-thumbnail","6":"product_cat-generatory","8":"first","9":"instock","10":"shipping-taxable","11":"purchasable","12":"product-type-simple"},"jetpack_sharing_enabled":true,"_links":{"self":[{"href":"https:\/\/www.svetkamenovazdravia.sk\/index.php\/wp-json\/wp\/v2\/product\/1227","targetHints":{"allow":["GET"]}}],"collection":[{"href":"https:\/\/www.svetkamenovazdravia.sk\/index.php\/wp-json\/wp\/v2\/product"}],"about":[{"href":"https:\/\/www.svetkamenovazdravia.sk\/index.php\/wp-json\/wp\/v2\/types\/product"}],"replies":[{"embeddable":true,"href":"https:\/\/www.svetkamenovazdravia.sk\/index.php\/wp-json\/wp\/v2\/comments?post=1227"}],"wp:featuredmedia":[{"embeddable":true,"href":"https:\/\/www.svetkamenovazdravia.sk\/index.php\/wp-json\/wp\/v2\/media\/1228"}],"wp:attachment":[{"href":"https:\/\/www.svetkamenovazdravia.sk\/index.php\/wp-json\/wp\/v2\/media?parent=1227"}],"wp:term":[{"taxonomy":"product_cat","embeddable":true,"href":"https:\/\/www.svetkamenovazdravia.sk\/index.php\/wp-json\/wp\/v2\/product_cat?post=1227"},{"taxonomy":"product_tag","embeddable":true,"href":"https:\/\/www.svetkamenovazdravia.sk\/index.php\/wp-json\/wp\/v2\/product_tag?post=1227"}],"curies":[{"name":"wp","href":"https:\/\/api.w.org\/{rel}","templated":true}]}}