{"id":1236,"date":"2022-02-11T20:37:52","date_gmt":"2022-02-11T20:37:52","guid":{"rendered":"https:\/\/www.svetkamenovazdravia.sk\/?post_type=product&#038;p=1236"},"modified":"2022-02-11T20:44:14","modified_gmt":"2022-02-11T20:44:14","slug":"sungitova-pyramida-m","status":"publish","type":"product","link":"https:\/\/www.svetkamenovazdravia.sk\/index.php\/produkt\/sungitova-pyramida-m\/","title":{"rendered":"\u0160ungitov\u00e1 pyramida &#8211; M"},"content":{"rendered":"<p>Pit\u00ed \u0161ungitov\u00e9 vody v t\u011ble aktivn\u011b sni\u017euje obsah histaminu, kter\u00fd je odpov\u011bdn\u00fd za rozvoj alergick\u00fdch reakc\u00ed, otok\u016f a jin\u00fdch projev\u016f.<br \/>\nPro l\u00e9\u010den\u00ed uveden\u00fdch chorob, stejn\u011b jako obecn\u00e9 preventivn\u00ed opat\u0159en\u00ed je doporu\u010dov\u00e1no denn\u011b vyp\u00edt alespo\u0148 3 sklenice \u0161ungitov\u00e9 vody.<br \/>\nP\u0159i pravideln\u00e9m myt\u00ed obli\u010deje ple\u0165 se vy\u010dist\u00ed a st\u00e1v\u00e1 se hladkou a pru\u017enou, zmiz\u00ed drobn\u00e9 vr\u00e1sky, akn\u00e9, miz\u00ed vyr\u00e1\u017eky, sv\u011bd\u011bn\u00ed, podr\u00e1d\u011bnost k\u016f\u017ee.<br \/>\nV\u00fdrazn\u011b zlep\u0161uje stav vlas\u016f, posiluje ko\u0159eny, miz\u00ed lupy.<br \/>\nM\u00edrn\u011b zah\u0159\u00e1t\u00e1, ale ne va\u0159en\u00e1, \u0161ungitov\u00e1 voda, kter\u00e1 se pod\u00e1v\u00e1 t\u0159i dny, je velmi u\u017eite\u010dn\u00e1 p\u0159i onemocn\u011bn\u00edch krku a nosu, p\u0159i nachlazen\u00ed, p\u0159i onemocn\u011bn\u00ed d\u00e1sn\u00ed, stomatitid\u011b, tonzilitid\u011b, periodontitid\u011b.<\/p>\n<p>Spot\u0159ebitelsk\u00e9 recenze nazna\u010duj\u00ed, \u017ee p\u0159\u00edrodn\u00ed adsorbent (wikipedie Adsorbent je pevn\u00e1 l\u00e1tka, kter\u00e1 je schopna v\u00e1zat r\u016fznou silou l\u00e1tky z roztoku. Jako adsorbenty se pou\u017e\u00edvaj\u00ed l\u00e1tky anorganick\u00e9 i organick\u00e9 (nap\u0159. Al2O3, hydroxyapatit, talek, inulin, aktivn\u00ed uhl\u00ed, apod.).) je schopen zadr\u017eovat na sv\u00e9m povrchu asi 94% \u0161kodliv\u00fdch ne\u010distot: soli t\u011b\u017ek\u00fdch kov\u016f, slou\u010deniny dus\u00edku, fosforu, chloru, pesticidy, radionuklidy, ropn\u00e9 l\u00e1tky.<br \/>\nOchrann\u00e9 vlastnosti se projevuj\u00ed d\u00edky fuleren\u016fm, kter\u00e9 p\u0159i styku s vodou deaktivuj\u00ed a zni\u010d\u00ed \u0161kodliv\u00e9 organick\u00e9 l\u00e1tky (huminov\u00e9 l\u00e1tky, prysky\u0159ice, kyseliny, aceton, fenoly).<\/p>\n","protected":false},"excerpt":{"rendered":"<h3><strong>Recept na \u0161ungitovou vodu&nbsp;<a href=\"https:\/\/kamenovo.cz\/index.php\/2017\/12\/06\/sungitova-voda\/#more-462\">TU<\/a><\/strong><\/h3>\n<h3><strong>&nbsp; &nbsp; &nbsp; &nbsp; &nbsp; &nbsp; &nbsp; &nbsp; &nbsp; &nbsp;\u26f0\u26f0\u26f0<\/strong><\/h3>\n<ul>\n<li><strong>\u00fa\u010din\u011b odstranuje elektrosmog<\/strong><\/li>\n<li><strong>blahod\u00e1rn\u011b upravuje vodu\ud83c\udf0a\ud83c\udf0a\ud83c\udf0a\ud83c\udf0a<\/strong><\/li>\n<li><strong>p\u016fvod Rusko\ud83d\ude4f\ud83d\ude4f\ud83d\ude4f<\/strong><\/li>\n<\/ul>\n","protected":false},"featured_media":1237,"comment_status":"open","ping_status":"closed","template":"","meta":{"ngg_post_thumbnail":0,"_joinchat":[]},"product_cat":[116],"product_tag":[],"class_list":{"0":"post-1236","1":"product","2":"type-product","3":"status-publish","4":"has-post-thumbnail","6":"product_cat-pyramida-sungit","8":"first","9":"instock","10":"shipping-taxable","11":"purchasable","12":"product-type-simple"},"jetpack_sharing_enabled":true,"_links":{"self":[{"href":"https:\/\/www.svetkamenovazdravia.sk\/index.php\/wp-json\/wp\/v2\/product\/1236","targetHints":{"allow":["GET"]}}],"collection":[{"href":"https:\/\/www.svetkamenovazdravia.sk\/index.php\/wp-json\/wp\/v2\/product"}],"about":[{"href":"https:\/\/www.svetkamenovazdravia.sk\/index.php\/wp-json\/wp\/v2\/types\/product"}],"replies":[{"embeddable":true,"href":"https:\/\/www.svetkamenovazdravia.sk\/index.php\/wp-json\/wp\/v2\/comments?post=1236"}],"wp:featuredmedia":[{"embeddable":true,"href":"https:\/\/www.svetkamenovazdravia.sk\/index.php\/wp-json\/wp\/v2\/media\/1237"}],"wp:attachment":[{"href":"https:\/\/www.svetkamenovazdravia.sk\/index.php\/wp-json\/wp\/v2\/media?parent=1236"}],"wp:term":[{"taxonomy":"product_cat","embeddable":true,"href":"https:\/\/www.svetkamenovazdravia.sk\/index.php\/wp-json\/wp\/v2\/product_cat?post=1236"},{"taxonomy":"product_tag","embeddable":true,"href":"https:\/\/www.svetkamenovazdravia.sk\/index.php\/wp-json\/wp\/v2\/product_tag?post=1236"}],"curies":[{"name":"wp","href":"https:\/\/api.w.org\/{rel}","templated":true}]}}