{"id":1240,"date":"2022-02-11T20:48:33","date_gmt":"2022-02-11T20:48:33","guid":{"rendered":"https:\/\/www.svetkamenovazdravia.sk\/?post_type=product&#038;p=1240"},"modified":"2023-04-26T20:50:03","modified_gmt":"2023-04-26T20:50:03","slug":"sungitova-pyramida-s","status":"publish","type":"product","link":"https:\/\/www.svetkamenovazdravia.sk\/index.php\/produkt\/sungitova-pyramida-s\/","title":{"rendered":"\u0160ungitov\u00e1 pyramida \u2013 S"},"content":{"rendered":"","protected":false},"excerpt":{"rendered":"<h3><strong>Recept na \u0161ungitovou vodu&nbsp;<a href=\"https:\/\/kamenovo.cz\/index.php\/2017\/12\/06\/sungitova-voda\/#more-462\">TU<\/a><\/strong><\/h3>\n<h3><strong>&nbsp; &nbsp; &nbsp; &nbsp; &nbsp; &nbsp; &nbsp; &nbsp; &nbsp; &nbsp;\u26f0\u26f0\u26f0<\/strong><\/h3>\n<ul>\n<li><strong>\u00fa\u010din\u011b odstranuje elektrosmog<\/strong><\/li>\n<li><strong>blahod\u00e1rn\u011b upravuje vodu\ud83c\udf0a\ud83c\udf0a\ud83c\udf0a\ud83c\udf0a<\/strong><\/li>\n<li><strong>p\u016fvod Rusko\ud83d\ude4f\ud83d\ude4f\ud83d\ude4f<\/strong><\/li>\n<\/ul>\n","protected":false},"featured_media":1238,"comment_status":"open","ping_status":"closed","template":"","meta":{"ngg_post_thumbnail":0,"_joinchat":[]},"product_cat":[116],"product_tag":[],"class_list":{"0":"post-1240","1":"product","2":"type-product","3":"status-publish","4":"has-post-thumbnail","6":"product_cat-pyramida-sungit","8":"first","9":"outofstock","10":"shipping-taxable","11":"purchasable","12":"product-type-simple"},"jetpack_sharing_enabled":true,"_links":{"self":[{"href":"https:\/\/www.svetkamenovazdravia.sk\/index.php\/wp-json\/wp\/v2\/product\/1240","targetHints":{"allow":["GET"]}}],"collection":[{"href":"https:\/\/www.svetkamenovazdravia.sk\/index.php\/wp-json\/wp\/v2\/product"}],"about":[{"href":"https:\/\/www.svetkamenovazdravia.sk\/index.php\/wp-json\/wp\/v2\/types\/product"}],"replies":[{"embeddable":true,"href":"https:\/\/www.svetkamenovazdravia.sk\/index.php\/wp-json\/wp\/v2\/comments?post=1240"}],"wp:featuredmedia":[{"embeddable":true,"href":"https:\/\/www.svetkamenovazdravia.sk\/index.php\/wp-json\/wp\/v2\/media\/1238"}],"wp:attachment":[{"href":"https:\/\/www.svetkamenovazdravia.sk\/index.php\/wp-json\/wp\/v2\/media?parent=1240"}],"wp:term":[{"taxonomy":"product_cat","embeddable":true,"href":"https:\/\/www.svetkamenovazdravia.sk\/index.php\/wp-json\/wp\/v2\/product_cat?post=1240"},{"taxonomy":"product_tag","embeddable":true,"href":"https:\/\/www.svetkamenovazdravia.sk\/index.php\/wp-json\/wp\/v2\/product_tag?post=1240"}],"curies":[{"name":"wp","href":"https:\/\/api.w.org\/{rel}","templated":true}]}}