{"id":1249,"date":"2022-02-11T22:08:51","date_gmt":"2022-02-11T22:08:51","guid":{"rendered":"https:\/\/www.svetkamenovazdravia.sk\/?post_type=product&#038;p=1249"},"modified":"2022-02-11T22:08:51","modified_gmt":"2022-02-11T22:08:51","slug":"zahneda-generator","status":"publish","type":"product","link":"https:\/\/www.svetkamenovazdravia.sk\/index.php\/produkt\/zahneda-generator\/","title":{"rendered":"Z\u00e1hn\u011bda &#8211; gener\u00e1tor"},"content":{"rendered":"<p><strong>Barva:<\/strong>&nbsp;Nahn\u011bdl\u00e1 a\u017e hn\u011bd\u00e1, n\u011bkdy skoro \u017elut\u00e1<\/p>\n<p><strong>Vzhled:<\/strong>&nbsp;Pr\u016fsvitn\u00e9, podlouhl\u00e9 za\u0161pi\u010dat\u011bl\u00e9 krystaly s temn\u00fdmi konci v\u0161ech velikost\u00ed<\/p>\n<p><strong>Vlastnosti:<\/strong>&nbsp;Z\u00e1hn\u011bda je jedn\u00edm z nej\u00fa\u010dinn\u011bji funguj\u00edc\u00edch uzem\u0148ovac\u00edch a ukotvovac\u00edch kamen\u016f. Sou\u010dasn\u011b um\u00ed b\u011bhem meditace zvy\u0161ovat vibrace.&nbsp;<strong>Jde o ochrann\u00fd k\u00e1men se siln\u00fdm napojen\u00edm na zemskou a z\u00e1kladn\u00ed \u010dakru.<\/strong>&nbsp;Sv\u00e9mu majiteli p\u0159ed\u00e1v\u00e1 starost o \u017eivotn\u00ed prost\u0159ed\u00ed a ekologick\u00e1 \u0159e\u0161en\u00ed. Rovn\u011b\u017e se jedn\u00e1 o vynikaj\u00edc\u00ed prost\u0159edek proti stresu. Pom\u00e1h\u00e1 v klidu a vyrovnan\u011b p\u0159ekon\u00e1vat obt\u00ed\u017en\u00e9 situace. Dod\u00e1v\u00e1 s\u00edlu p\u0159i rozhodov\u00e1n\u00ed.<\/p>\n<p>Z\u00e1hn\u011bda uzem\u0148uj\u00edc\u00ed duchovn\u00ed energii a jemn\u011b neutralizuj\u00edc\u00ed negativn\u00ed vibrace zah\u00e1n\u00ed geopatogenn\u00ed stres, pohlcuje elektromagnetick\u00fd smog a napom\u00e1h\u00e1 vylu\u010dov\u00e1n\u00ed a detoxikaci na v\u0161ech \u00farovn\u00edch. P\u0159in\u00e1\u0161\u00ed pozitivn\u00ed vibrace, kter\u00e9 vypln\u00ed okoln\u00ed prostor. Z\u00e1hn\u011bda n\u00e1s u\u010d\u00ed, jak se rozlou\u010dit se v\u0161\u00edm, co ji\u017e neslou\u017e\u00ed sv\u00e9mu \u00fa\u010delu. Lze ji pou\u017e\u00edt&nbsp;<strong>k ochran\u011b zemsk\u00e9 \u010dakry<\/strong>&nbsp;pod nohama a k jej\u00edmu uzemn\u011bn\u00ed, jestli\u017ee je v on\u00e9 oblasti naru\u0161ena zemsk\u00e1 energie.<\/p>\n<p>Du\u0161evn\u011b p\u0159in\u00e1\u0161\u00ed z\u00e1hn\u011bda \u00falevu od strachu, rozh\u00e1n\u00ed deprese a navozuje stav emocion\u00e1ln\u00edho klidu. Napom\u00e1h\u00e1 p\u0159ijmout fyzick\u00e9 t\u011blo a jeho sexu\u00e1ln\u00ed povahu. Zvy\u0161uje mu\u017enou s\u00edlu a&nbsp;<strong>pro\u010di\u0161\u0165uje z\u00e1kladn\u00ed \u010dakru<\/strong>, d\u00edky \u010demu\u017e se mohou v\u00e1\u0161e\u0148 i touha p\u0159irozen\u011b rozv\u00edjet. Krystal z\u00e1hn\u011bdy potla\u010duje no\u010dn\u00ed m\u016fry a objas\u0148uje v\u00fdznam sn\u016f. Pokud se dostane do kontaktu s negativn\u00edmi city, dok\u00e1\u017ee je jemn\u011b a citliv\u011b rozehnat.<\/p>\n<p>Ment\u00e1ln\u011b podporuje z\u00e1hn\u011bda emotivn\u00ed, pragmatick\u00e9 my\u0161len\u00ed. Lze ji pou\u017e\u00edt p\u0159i v\u011b\u0161t\u011bn\u00ed z koule, kdy lze z\u00edskat jasn\u00fd vhled do nitra v\u011bc\u00ed a sou\u010dasn\u011b zahnat strach. K\u00e1men likviduje st\u0159ety protiklad\u016f, zvy\u0161uje soust\u0159ed\u011bnost a potla\u010duje komunika\u010dn\u00ed probl\u00e9my. Umo\u017e\u0148uje p\u0159echod v\u011bdom\u00ed mezi hladinami alfa a beta a pom\u00e1h\u00e1 o\u010dist\u011b mysli pro meditaci.<\/p>\n<p>Jeliko\u017e z\u00e1hn\u011bda \u010dasto b\u00fdv\u00e1 p\u0159irozen\u011b oz\u00e1\u0159ena, p\u016fsob\u00ed v\u00fdborn\u011b p\u0159i l\u00e9\u010db\u011b spojen\u00e9 s radioaktivitou nebo chemoterapi\u00ed. Nicm\u00e9n\u011b je t\u0159eba rad\u011bji pe\u010dliv\u011b vyb\u00edrat p\u0159irozen\u011b vznikl\u00e9 kameny s nepatrn\u00fdm vyza\u0159ov\u00e1n\u00edm m\u00edsto krystal\u016f um\u011ble vystaven\u00fdch z\u00e1\u0159en\u00ed \/ty b\u00fdvaj\u00ed v\u011bt\u0161inou velice temn\u00e9 a nepr\u016fhledn\u00e9\/. S pomoc\u00ed z\u00e1hn\u011bdy lze dos\u00e1hnout odolnosti v\u016f\u010di stresu. Krystal rovn\u011b\u017e p\u0159in\u00e1\u0161\u00ed \u00falevu od bolesti. Pokud se hrot zvolna \u00fa\u010dinkuj\u00edc\u00ed z\u00e1hn\u011bdy obr\u00e1t\u00ed p\u0159i l\u00e9\u010db\u011b od t\u011bla, p\u0159edejde se b\u011bhem l\u00e9\u010div\u00e9ho procesu projev\u016fm pr\u016fvodn\u00ed p\u0159echodn\u00e9 krize.<\/p>\n<p><strong>L\u00e9\u010debn\u00e9 vyu\u017eit\u00ed:&nbsp;<\/strong>Z\u00e1hn\u011bda je zvl\u00e1\u0161t\u011b \u00fa\u010dinn\u00e1 p\u0159i l\u00e9\u010den\u00ed b\u0159icha, ky\u010dl\u00ed a nohou. P\u0159in\u00e1\u0161\u00ed \u00falevu od bolesti \u2013 v\u010detn\u011b bolest\u00ed hlavy \u2013 a prosp\u00edv\u00e1 rozmno\u017eovac\u00edm org\u00e1n\u016fm, sval\u016fm, nervov\u00e9 tk\u00e1ni a srdci. Z\u00e1hn\u011bda potla\u010duje k\u0159e\u010de, posiluje z\u00e1da a zvy\u0161uje odolnost nervov\u00e9 soustavy. Jedn\u00e1 se o k\u00e1men, kter\u00fd napom\u00e1h\u00e1 ukl\u00e1d\u00e1n\u00ed miner\u00e1l\u016f a reguluje rovnov\u00e1hu tekutin v t\u011ble.<\/p>\n<p><strong>Um\u00edst\u011bn\u00ed:<\/strong>&nbsp;Lze um\u00edstit kdekoli, zejm\u00e9na na z\u00e1kladn\u00ed \u010dak\u0159e. K dal\u0161\u00edm vhodn\u00fdm pou\u017eit\u00edm pat\u0159\u00ed ulo\u017een\u00ed pod pol\u0161t\u00e1\u0159, u telefonu nebo na lini\u00edch geopatogenn\u00edch poruch. Noste ji po del\u0161\u00ed dobu jako p\u0159\u00edv\u011bsek. Pro potla\u010den\u00ed stresu vezm\u011bte do ka\u017ed\u00e9 ruky jeden k\u00e1men a na chv\u00edli se v klidu a tichosti posa\u010fte. M\u016f\u017eete jej tak\u00e9 polo\u017eit na posti\u017een\u00e9 m\u00edsto, a zahnat tak bolest.&nbsp;<strong>Hrot krystalu oto\u010dte od t\u011bla, \u010d\u00edm\u017e z n\u011bj odvedete negativn\u00ed energii. Pokud nam\u00ed\u0159\u00edte hrot k t\u011blu, bude mu k\u00e1men energii naopak dod\u00e1vat.<\/strong><\/p>\n","protected":false},"excerpt":{"rendered":"<ul>\n<li><strong>pro pr\u00e1ci s energi\u00ed<\/strong><\/li>\n<li><strong>proti migr\u00e9n\u00e1m<\/strong><\/li>\n<li><strong>podpora psychiky<\/strong><\/li>\n<li><strong>dynamick\u00fd tvar<\/strong><\/li>\n<li><strong>Brazilie<\/strong><\/li>\n<\/ul>\n","protected":false},"featured_media":1250,"comment_status":"open","ping_status":"closed","template":"","meta":{"ngg_post_thumbnail":0,"_joinchat":[]},"product_cat":[54],"product_tag":[],"class_list":{"0":"post-1249","1":"product","2":"type-product","3":"status-publish","4":"has-post-thumbnail","6":"product_cat-generatory","8":"first","9":"instock","10":"shipping-taxable","11":"purchasable","12":"product-type-simple"},"jetpack_sharing_enabled":true,"_links":{"self":[{"href":"https:\/\/www.svetkamenovazdravia.sk\/index.php\/wp-json\/wp\/v2\/product\/1249","targetHints":{"allow":["GET"]}}],"collection":[{"href":"https:\/\/www.svetkamenovazdravia.sk\/index.php\/wp-json\/wp\/v2\/product"}],"about":[{"href":"https:\/\/www.svetkamenovazdravia.sk\/index.php\/wp-json\/wp\/v2\/types\/product"}],"replies":[{"embeddable":true,"href":"https:\/\/www.svetkamenovazdravia.sk\/index.php\/wp-json\/wp\/v2\/comments?post=1249"}],"wp:featuredmedia":[{"embeddable":true,"href":"https:\/\/www.svetkamenovazdravia.sk\/index.php\/wp-json\/wp\/v2\/media\/1250"}],"wp:attachment":[{"href":"https:\/\/www.svetkamenovazdravia.sk\/index.php\/wp-json\/wp\/v2\/media?parent=1249"}],"wp:term":[{"taxonomy":"product_cat","embeddable":true,"href":"https:\/\/www.svetkamenovazdravia.sk\/index.php\/wp-json\/wp\/v2\/product_cat?post=1249"},{"taxonomy":"product_tag","embeddable":true,"href":"https:\/\/www.svetkamenovazdravia.sk\/index.php\/wp-json\/wp\/v2\/product_tag?post=1249"}],"curies":[{"name":"wp","href":"https:\/\/api.w.org\/{rel}","templated":true}]}}