{"id":1263,"date":"2022-02-12T19:06:34","date_gmt":"2022-02-12T19:06:34","guid":{"rendered":"https:\/\/www.svetkamenovazdravia.sk\/?post_type=product&#038;p=1263"},"modified":"2022-02-12T19:06:34","modified_gmt":"2022-02-12T19:06:34","slug":"larimar-kridlo-aaa-2","status":"publish","type":"product","link":"https:\/\/www.svetkamenovazdravia.sk\/index.php\/produkt\/larimar-kridlo-aaa-2\/","title":{"rendered":"Larimar k\u0159\u00eddlo AAA"},"content":{"rendered":"","protected":false},"excerpt":{"rendered":"<h4><strong>Super \u010distota a kresba, AAA kvalita<\/strong><\/h4>\n<ul>\n<li>\n<ul>\n<li>\n<h3><strong>samolie\u010diaca schopnos\u0165 organizmu\ud83d\udcff\ud83d\udcff\ud83d\udc89\ud83d\udc89<\/strong><\/h3>\n<\/li>\n<li><strong>oprava chybn\u00fdch vzorcov DNA<\/strong><\/li>\n<li>kame\u0148 delf\u00ednov a Atlantidy\ud83d\udc2c\ud83d\udc2c\ud83d\udc2c\ud83c\udf0a\ud83c\udf0a<\/li>\n<li>ka\u017ed\u00fd larimar sa d\u00e1&nbsp; presvieti\u0165, z\u00e1ruka kvality a \u010distoty kame\u0148a<\/li>\n<li>prekr\u00e1sna kresba\ud83d\udc8e\ud83d\udc8e\ud83d\udc8e<\/li>\n<li>zem p\u00f4vodu \u2013 Dominik\u00e1nska republika<\/li>\n<\/ul>\n<\/li>\n<\/ul>\n","protected":false},"featured_media":1264,"comment_status":"open","ping_status":"closed","template":"","meta":{"ngg_post_thumbnail":0,"_joinchat":[]},"product_cat":[29],"product_tag":[],"class_list":{"0":"post-1263","1":"product","2":"type-product","3":"status-publish","4":"has-post-thumbnail","6":"product_cat-larimar","8":"first","9":"instock","10":"shipping-taxable","11":"purchasable","12":"product-type-simple"},"jetpack_sharing_enabled":true,"_links":{"self":[{"href":"https:\/\/www.svetkamenovazdravia.sk\/index.php\/wp-json\/wp\/v2\/product\/1263","targetHints":{"allow":["GET"]}}],"collection":[{"href":"https:\/\/www.svetkamenovazdravia.sk\/index.php\/wp-json\/wp\/v2\/product"}],"about":[{"href":"https:\/\/www.svetkamenovazdravia.sk\/index.php\/wp-json\/wp\/v2\/types\/product"}],"replies":[{"embeddable":true,"href":"https:\/\/www.svetkamenovazdravia.sk\/index.php\/wp-json\/wp\/v2\/comments?post=1263"}],"wp:featuredmedia":[{"embeddable":true,"href":"https:\/\/www.svetkamenovazdravia.sk\/index.php\/wp-json\/wp\/v2\/media\/1264"}],"wp:attachment":[{"href":"https:\/\/www.svetkamenovazdravia.sk\/index.php\/wp-json\/wp\/v2\/media?parent=1263"}],"wp:term":[{"taxonomy":"product_cat","embeddable":true,"href":"https:\/\/www.svetkamenovazdravia.sk\/index.php\/wp-json\/wp\/v2\/product_cat?post=1263"},{"taxonomy":"product_tag","embeddable":true,"href":"https:\/\/www.svetkamenovazdravia.sk\/index.php\/wp-json\/wp\/v2\/product_tag?post=1263"}],"curies":[{"name":"wp","href":"https:\/\/api.w.org\/{rel}","templated":true}]}}