{"id":1322,"date":"2022-02-13T19:19:17","date_gmt":"2022-02-13T19:19:17","guid":{"rendered":"https:\/\/www.svetkamenovazdravia.sk\/?post_type=product&#038;p=1322"},"modified":"2022-02-13T19:19:17","modified_gmt":"2022-02-13T19:19:17","slug":"malachitovy-naramenk","status":"publish","type":"product","link":"https:\/\/www.svetkamenovazdravia.sk\/index.php\/produkt\/malachitovy-naramenk\/","title":{"rendered":"Malachitov\u00fd n\u00e1ramenk"},"content":{"rendered":"<p><strong>Malachit&nbsp;<\/strong>n\u00e1m&nbsp;<strong>pom\u00e1ha prija\u0165 temn\u00e9 str\u00e1nky v n\u00e1s,<\/strong>&nbsp;<strong>pochopi\u0165 ak\u00fd maj\u00fa zmysel pre n\u00e1\u0161 vn\u00fatorn\u00fd rozvoj a ako ich s l\u00e1skou meni\u0165 na svetlo.&nbsp;<\/strong>Takto n\u00e1m pom\u00e1ha k na\u0161ej premene s rados\u0165ou a chu\u0165ou do \u017eivota. Pom\u00e1ha n\u00e1m prija\u0165 aj to, \u010do sa n\u00e1m na n\u00e1s nep\u00e1\u010di a d\u00e1va n\u00e1m chu\u0165 zmeni\u0165 to. V stredoveku ho zvykli pou\u017e\u00edva\u0165 pri stavoch slabosti a pri strat\u00e1ch krvi. Odjak\u017eiva bol symbolom spirituality.<br \/>\nMalachit m\u00e1 zelen\u00fa farbu, farbu pr\u00edrody \u2013 rovnov\u00e1hy, pokoja a n\u00e1deje.&nbsp;<strong>P\u00f4sob\u00ed upokojuj\u00facim sp\u00f4sobom, regenera\u010dne a harmonicky, k na\u010derpaniu novej sily<\/strong>. T\u00e1to farba podporuje v \u010dloveku ochotu rozd\u00e1va\u0165 l\u00e1sku a pom\u00e1hat motivova\u0165 ostatn\u00fdch.&nbsp;<br \/>\n<strong>Lie\u010div\u00e9 schopnosti:<\/strong>&nbsp;m\u00e1 regenera\u010dn\u00e9 a hojiv\u00e9 schopnosti, podporuje imunitn\u00fd syst\u00e9m, odstra\u0148uje bolesti k\u013abov a chrbtice a takisto \u0161kodliv\u00e9 l\u00e1tky a energie, ktor\u00e9 sp\u00f4sobuj\u00fa choroby. Preto ho m\u00f4\u017eete priklada\u0165 na v\u0161etky bolestiv\u00e9 a chor\u00e9 miesta na tele.<br \/>\n<strong>Priraden\u00e1 \u010dakra:<\/strong>&nbsp;srdcov\u00e1 \u010dakra (Anahata).<br \/>\n<strong>Krajina p\u00f4vodu<\/strong>: Kongo.&nbsp;<\/p>\n","protected":false},"excerpt":{"rendered":"<h4><strong>Vlastnosti kamene&nbsp;<a href=\"https:\/\/orgonity-od-moniky.webnode.sk\/products\/malachit\/\">ZDE<\/a><\/strong><\/h4>\n<ul>\n<li>&nbsp;pro \u017eiv\u00e9 sny<\/li>\n<li>faraonsk\u00fd k\u00e1men<\/li>\n<li>k\u00e1men plodnosti<\/li>\n<li>Kongo<\/li>\n<li>4mm<\/li>\n<\/ul>\n","protected":false},"featured_media":1323,"comment_status":"open","ping_status":"closed","template":"","meta":{"ngg_post_thumbnail":0,"_joinchat":[]},"product_cat":[30],"product_tag":[],"class_list":{"0":"post-1322","1":"product","2":"type-product","3":"status-publish","4":"has-post-thumbnail","6":"product_cat-naramky","8":"first","9":"instock","10":"shipping-taxable","11":"purchasable","12":"product-type-simple"},"jetpack_sharing_enabled":true,"_links":{"self":[{"href":"https:\/\/www.svetkamenovazdravia.sk\/index.php\/wp-json\/wp\/v2\/product\/1322","targetHints":{"allow":["GET"]}}],"collection":[{"href":"https:\/\/www.svetkamenovazdravia.sk\/index.php\/wp-json\/wp\/v2\/product"}],"about":[{"href":"https:\/\/www.svetkamenovazdravia.sk\/index.php\/wp-json\/wp\/v2\/types\/product"}],"replies":[{"embeddable":true,"href":"https:\/\/www.svetkamenovazdravia.sk\/index.php\/wp-json\/wp\/v2\/comments?post=1322"}],"wp:featuredmedia":[{"embeddable":true,"href":"https:\/\/www.svetkamenovazdravia.sk\/index.php\/wp-json\/wp\/v2\/media\/1323"}],"wp:attachment":[{"href":"https:\/\/www.svetkamenovazdravia.sk\/index.php\/wp-json\/wp\/v2\/media?parent=1322"}],"wp:term":[{"taxonomy":"product_cat","embeddable":true,"href":"https:\/\/www.svetkamenovazdravia.sk\/index.php\/wp-json\/wp\/v2\/product_cat?post=1322"},{"taxonomy":"product_tag","embeddable":true,"href":"https:\/\/www.svetkamenovazdravia.sk\/index.php\/wp-json\/wp\/v2\/product_tag?post=1322"}],"curies":[{"name":"wp","href":"https:\/\/api.w.org\/{rel}","templated":true}]}}