{"id":1324,"date":"2022-02-13T19:23:56","date_gmt":"2022-02-13T19:23:56","guid":{"rendered":"https:\/\/www.svetkamenovazdravia.sk\/?post_type=product&#038;p=1324"},"modified":"2024-01-07T16:35:28","modified_gmt":"2024-01-07T16:35:28","slug":"caroit","status":"publish","type":"product","link":"https:\/\/www.svetkamenovazdravia.sk\/index.php\/produkt\/caroit\/","title":{"rendered":"\u010caroit"},"content":{"rendered":"<p><strong>\u010caroit<\/strong>&nbsp;je kame\u0148 transform\u00e1cie \u2013&nbsp;<strong>premeny<\/strong>. Prep\u00e1ja srdcov\u00fa a korunn\u00fa \u010dakru s tret\u00edm okom navz\u00e1jom a kombinuje vy\u0161\u0161ie duchovn\u00e9 roviny s bezpodmiene\u010dnou l\u00e1skou na fyzickej rovine. Takto odv\u00e1dza do zeme negat\u00edvnu energiu. \u010cist\u00ed auru, p<strong>om\u00e1ha pochopi\u0165 lekcie, ktor\u00e9 n\u00e1m \u017eivot d\u00e1va<\/strong>. S \u010daroitom vid\u00edme, \u017ee<strong>&nbsp;kde sa jedny dvere zatv\u00e1raj\u00fa, druh\u00e9 sa otvoria<\/strong>. Na tretie oko a tie\u017e aj na korunn\u00fa \u010dakru p\u00f4sob\u00ed tak, \u017ee men\u00ed emocion\u00e1lnu hladinu na duchovn\u00fa, otv\u00e1ra n\u00e1m o\u010di, umo\u017e\u0148uje vidie\u0165 veci jasnej\u0161ie. Odha\u013euje star\u00e9 vzorce a nov\u00e9 mo\u017enosti. Je n\u00e1pomocn\u00fd pri jasnovidectve a ve\u0161tectve. Premie\u0148a&nbsp;<strong>negat\u00edvne pocity ako strach, zlos\u0165 na pozit\u00edvne<\/strong>. V priebehu premeny n\u00e1m umo\u017e\u0148uje zbavi\u0165 sa t\u00fdchto negat\u00edvnych pocitov, uvo\u013eni\u0165 sa od nich. Prest\u00e1vame tak by\u0165 obe\u0165ami a nadob\u00fadame pocit vlastnej hodnoty. Podporuje in\u0161pir\u00e1ciu, kreativitu, duchovn\u00fd rast.&nbsp;<strong>Dod\u00e1va odvahu, vn\u00fatorn\u00fa silu a vhodn\u00fa mieru asertivity<\/strong>. Je ve\u013emi n\u00e1pomocn\u00fd v obdobiach ve\u013ek\u00fdch osobn\u00fdch zmien, zni\u017euje v n\u00e1s strach z nich a dod\u00e1va n\u00e1m energiu aby sme tie zmeny uskuto\u010dnili. Zni\u017euje stres a obavy.<br \/>\n<strong>Lie\u010debn\u00e9 \u00fa\u010dinky:&nbsp;<\/strong>zlep\u0161uje zrak, ur\u00fdch\u013euje lie\u010denie a zotavenie v\u0161etk\u00e9ho druhu, zbavuje pe\u010de\u0148 tox\u00ednov, hlavne alkoholu. Zvy\u0161uje svalov\u00fd t\u00f3nus, zni\u017euje podr\u00e1\u017edenos\u0165 a precitlivenos\u0165, zmier\u0148uje okyslenie organizmu, artrit\u00eddu a dnu. Posi\u013e\u0148uje nervy, pom\u00e1ha pri bolestiach hlavy, probl\u00e9moch s pe\u010de\u0148ou, k\u0155\u010doch, probl\u00e9moch so srdcom.<\/p>\n","protected":false},"excerpt":{"rendered":"<h3><strong>Vlastnosti kame\u0148a&nbsp;<a href=\"https:\/\/orgonity-od-moniky.webnode.sk\/products\/caroit\/\" target=\"_blank\" rel=\"noopener noreferrer\">TU<\/a><\/strong><\/h3>\n<p><strong>&nbsp; &nbsp; &nbsp; &nbsp; &nbsp; &nbsp; &nbsp; &nbsp; &nbsp; &nbsp;<\/strong><strong>Proti sp\u00e1nkovej paral\u00fdze\ud83d\udc7b\ud83d\udc7b\ud83d\udc7b<\/strong><\/p>\n<ul>\n<li><strong>proti onkologick\u00fdm&nbsp;<\/strong><b>ochoreniam<\/b><\/li>\n<li><strong>podporuje imunitu<\/strong><\/li>\n<li>\n<h3 class=\"eshop-detail-title cf\"><strong><span class=\"product-title\"><span class=\"product-title-content\">V EXTRA KVALITE\u2026 \ud83d\udc8e<\/span><\/span><\/strong><\/h3>\n<\/li>\n<li>5mm<\/li>\n<\/ul>\n","protected":false},"featured_media":1325,"comment_status":"open","ping_status":"closed","template":"","meta":{"ngg_post_thumbnail":0,"_joinchat":[]},"product_cat":[30],"product_tag":[],"class_list":{"0":"post-1324","1":"product","2":"type-product","3":"status-publish","4":"has-post-thumbnail","6":"product_cat-naramky","8":"first","9":"outofstock","10":"shipping-taxable","11":"purchasable","12":"product-type-simple"},"jetpack_sharing_enabled":true,"_links":{"self":[{"href":"https:\/\/www.svetkamenovazdravia.sk\/index.php\/wp-json\/wp\/v2\/product\/1324","targetHints":{"allow":["GET"]}}],"collection":[{"href":"https:\/\/www.svetkamenovazdravia.sk\/index.php\/wp-json\/wp\/v2\/product"}],"about":[{"href":"https:\/\/www.svetkamenovazdravia.sk\/index.php\/wp-json\/wp\/v2\/types\/product"}],"replies":[{"embeddable":true,"href":"https:\/\/www.svetkamenovazdravia.sk\/index.php\/wp-json\/wp\/v2\/comments?post=1324"}],"wp:featuredmedia":[{"embeddable":true,"href":"https:\/\/www.svetkamenovazdravia.sk\/index.php\/wp-json\/wp\/v2\/media\/1325"}],"wp:attachment":[{"href":"https:\/\/www.svetkamenovazdravia.sk\/index.php\/wp-json\/wp\/v2\/media?parent=1324"}],"wp:term":[{"taxonomy":"product_cat","embeddable":true,"href":"https:\/\/www.svetkamenovazdravia.sk\/index.php\/wp-json\/wp\/v2\/product_cat?post=1324"},{"taxonomy":"product_tag","embeddable":true,"href":"https:\/\/www.svetkamenovazdravia.sk\/index.php\/wp-json\/wp\/v2\/product_tag?post=1324"}],"curies":[{"name":"wp","href":"https:\/\/api.w.org\/{rel}","templated":true}]}}