{"id":1397,"date":"2022-02-17T17:10:10","date_gmt":"2022-02-17T17:10:10","guid":{"rendered":"https:\/\/www.svetkamenovazdravia.sk\/?post_type=product&#038;p=1397"},"modified":"2022-02-17T17:10:10","modified_gmt":"2022-02-17T17:10:10","slug":"larimar-aa-3","status":"publish","type":"product","link":"https:\/\/www.svetkamenovazdravia.sk\/index.php\/produkt\/larimar-aa-3\/","title":{"rendered":"Larimar AA"},"content":{"rendered":"<p><strong>Larimar<\/strong>&nbsp;sa pova\u017euje za jeden z duchovn\u00fdch kame\u0148ov, ktor\u00e9 otv\u00e1raj\u00fa vstup do nov\u00fdch dimenzi\u00ed a podporuj\u00fa evol\u00faciu na Zemi. Larimar vy\u017earuje l\u00e1sku, prin\u00e1\u0161a pokoj, vyrovnanos\u0165. Umo\u017e\u0148uje n\u00e1m \u013eahko sa dosta\u0165 do medita\u010dn\u00e9ho stavu. Prirodzenou cestou zvy\u0161uje \u00farove\u0148 vedomia, priv\u00e1dza telo aj du\u0161u do rovnov\u00e1hy a harm\u00f3nie s nov\u00fdmi vibr\u00e1ciami. Odstra\u0148uje falo\u0161n\u00e9 hranice obmedzuj\u00face duchovne Ja. Funguje ako sprievodca du\u0161e po pravej ceste \u017eivotom. Takisto umo\u017e\u0148uje spojenie so svetom anjelov, rovnako aj s in\u00fdmi svetmi. Jedna sa o vynikaj\u00faci kame\u0148 pre t\u00fdch, ktor\u00ed h\u013eadaj\u00fa spriaznen\u00fa du\u0161u. Dok\u00e1\u017ee vylie\u010di\u0165 rany, ktor\u00e9 poch\u00e1dzaj\u00fa zo vz\u0165ahov z minul\u00fdch \u017eivotov. Pom\u00e1ha n\u00e1m prevzia\u0165 kontrolu nad vlastn\u00fdm \u017eivotom, vzda\u0165 sa role mu\u010dedn\u00edka. Pom\u00e1ha pri pocitoch viny a odstra\u0148ovan\u00ed strachu. Je vynikaj\u00facim pomocn\u00edkom v stresov\u00fdch situ\u00e1ciach \u2013 pom\u00f4\u017ee v\u00e1m zvl\u00e1dnu\u0165 ich s vyrovnanos\u0165ou. Podporuje tvorivos\u0165.<br \/>\nTakisto je ve\u013emi n\u00e1pomocn\u00fd pre \u017eeny, aby sa lep\u0161ie naladili na svoju \u017eenskos\u0165 a obnovili ich spojenie s pr\u00edrodou. Ke\u010f Larimar polo\u017e\u00edte na zem, dok\u00e1\u017ee vyrovn\u00e1va\u0165 nerovnov\u00e1hu v hladine zemskej energie a likvidova\u0165 vplyv geopatog\u00e9nnych z\u00f3n.<br \/>\n<strong>Lie\u010debn\u00e9 \u00fa\u010dinky:<\/strong>&nbsp;umo\u017e\u0148uje zah\u00e1jenie samolie\u010diaceho procesu. Pom\u00e1ha pri probl\u00e9moch s krkom, s chrupavkami, odstra\u0148uje bloky v hrudi, v hlave a v krku. M\u00f4\u017eete ho priklada\u0165 na stuhnut\u00e9 k\u013aby alebo zablokovan\u00e9 tepny. Po prilo\u017een\u00ed na bo\u013eav\u00e9 miesto r\u00fdchlo vytiahne z neho boles\u0165. Pou\u017e\u00edva sa ako n\u00e1stroj pri reflexol\u00f3gii, lebo dok\u00e1\u017ee odhali\u0165 miesto nerovnov\u00e1hy a pre\u010disti\u0165 \u010dakry.<br \/>\n<strong>Priraden\u00e9 \u010dakry:&nbsp;<\/strong>podporuje \u010dinnos\u0165 tretieho oka, srde\u010dn\u00fa, korunn\u00fa a kr\u010dn\u00fa \u010dakru.<\/p>\n","protected":false},"excerpt":{"rendered":"<h4><strong>Super \u010distota a kresba, AAA kvalita<\/strong><\/h4>\n<ul>\n<li>\n<ul>\n<li>\n<h3><strong>samolie\u010diaca schopnos\u0165 organizmu\ud83d\udcff\ud83d\udcff\ud83d\udc89\ud83d\udc89<\/strong><\/h3>\n<\/li>\n<li><strong>oprava chybn\u00fdch vzorcov DNA<\/strong><\/li>\n<li>kame\u0148 delf\u00ednov a Atlantidy\ud83d\udc2c\ud83d\udc2c\ud83d\udc2c\ud83c\udf0a\ud83c\udf0a<\/li>\n<li>ka\u017ed\u00fd larimar sa d\u00e1&nbsp; presvieti\u0165, z\u00e1ruka kvality a \u010distoty kame\u0148a<\/li>\n<li>prekr\u00e1sna kresba\ud83d\udc8e\ud83d\udc8e\ud83d\udc8e<\/li>\n<li>zem p\u00f4vodu \u2013 Dominik\u00e1nska republika<\/li>\n<\/ul>\n<\/li>\n<\/ul>\n","protected":false},"featured_media":1394,"comment_status":"open","ping_status":"closed","template":"","meta":{"ngg_post_thumbnail":0,"_joinchat":[]},"product_cat":[29],"product_tag":[],"class_list":{"0":"post-1397","1":"product","2":"type-product","3":"status-publish","4":"has-post-thumbnail","6":"product_cat-larimar","8":"first","9":"instock","10":"shipping-taxable","11":"purchasable","12":"product-type-simple"},"jetpack_sharing_enabled":true,"_links":{"self":[{"href":"https:\/\/www.svetkamenovazdravia.sk\/index.php\/wp-json\/wp\/v2\/product\/1397","targetHints":{"allow":["GET"]}}],"collection":[{"href":"https:\/\/www.svetkamenovazdravia.sk\/index.php\/wp-json\/wp\/v2\/product"}],"about":[{"href":"https:\/\/www.svetkamenovazdravia.sk\/index.php\/wp-json\/wp\/v2\/types\/product"}],"replies":[{"embeddable":true,"href":"https:\/\/www.svetkamenovazdravia.sk\/index.php\/wp-json\/wp\/v2\/comments?post=1397"}],"wp:featuredmedia":[{"embeddable":true,"href":"https:\/\/www.svetkamenovazdravia.sk\/index.php\/wp-json\/wp\/v2\/media\/1394"}],"wp:attachment":[{"href":"https:\/\/www.svetkamenovazdravia.sk\/index.php\/wp-json\/wp\/v2\/media?parent=1397"}],"wp:term":[{"taxonomy":"product_cat","embeddable":true,"href":"https:\/\/www.svetkamenovazdravia.sk\/index.php\/wp-json\/wp\/v2\/product_cat?post=1397"},{"taxonomy":"product_tag","embeddable":true,"href":"https:\/\/www.svetkamenovazdravia.sk\/index.php\/wp-json\/wp\/v2\/product_tag?post=1397"}],"curies":[{"name":"wp","href":"https:\/\/api.w.org\/{rel}","templated":true}]}}