{"id":1567,"date":"2022-04-24T15:49:23","date_gmt":"2022-04-24T15:49:23","guid":{"rendered":"https:\/\/www.svetkamenovazdravia.sk\/?post_type=product&#038;p=1567"},"modified":"2023-04-28T06:17:36","modified_gmt":"2023-04-28T06:17:36","slug":"kristal-mega-generator-aa1","status":"publish","type":"product","link":"https:\/\/www.svetkamenovazdravia.sk\/index.php\/produkt\/kristal-mega-generator-aa1\/","title":{"rendered":"K\u0159i\u0161t\u00e1l \u2013  MEGA gener\u00e1tor AA1"},"content":{"rendered":"<p><strong>U\u017eit\u00ed:<\/strong>&nbsp;s\u00edla, ochrana, meditace, harmonie, l\u00e9\u010den\u00ed<br \/>\n<strong>Vlastnosti:<\/strong>&nbsp;projektivn\u00ed i receptivn\u00ed k\u00e1men, p\u0159i\u0159azen planet\u011b Slunce a M\u011bs\u00edc a elementu ohn\u011b a vody.<br \/>\nJe to univerz\u00e1ln\u00ed, nej\u00fa\u010dinn\u011bj\u0161\u00ed l\u00e9\u010div\u00fd krystal na sv\u011bt\u011b, velmi siln\u00fd zesilova\u010d energie, jen\u017e energii pohlcuje, uvol\u0148uje a reguluje, uv\u00e1d\u00ed ji do naprost\u00e9 harmonie.<br \/>\nPovzbuzuje psychiku, jasnoz\u0159ivost, samostatnost, pom\u00e1h\u00e1 sebezdokonalen\u00ed, ochra\u0148uje p\u0159ed v\u0161\u00edm zl\u00fdm a negativn\u00edm, zvy\u0161uje na\u0161e duchovn\u00ed s\u00edly, harmonizuje, odstra\u0148uje bloky a st\u00e1v\u00e1 se zrcadlem na\u0161\u00ed du\u0161e, \u010dist\u00ed a chr\u00e1n\u00ed auru, zaji\u0161\u0165uje klidn\u00fd sp\u00e1nek. Odstra\u0148uje \u0161kodliv\u00e9 elektromagnetick\u00e9 z\u00e1\u0159en\u00ed, \u010dist\u00ed geopatogenn\u00ed z\u00f3ny. P\u016fsob\u00ed na korunn\u00ed \u010dakru a ostatn\u00ed \u010dist\u00ed. P\u0159i meditaci dok\u00e1\u017ee odfiltrovat v\u0161echny ru\u0161iv\u00e9 vlivy. Lze ho pou\u017e\u00edt jako regul\u00e1tor pro ostatn\u00ed kameny.<br \/>\n<strong>L\u00e9\u010debn\u00e9 vyu\u017eit\u00ed:<\/strong>&nbsp;vhodn\u00fd na v\u0161echny zdravotn\u00ed probl\u00e9my,<br \/>\nv\u010detn\u011b probl\u00e9m\u016f du\u0161e. Ti\u0161\u00ed bolesti hlavy a zub\u016f, neurologick\u00e9 a st\u0159evn\u00ed pot\u00ed\u017ee, nevolnosti, podporuje za\u017e\u00edvac\u00ed trakt, posiluje imunitu, uv\u00e1d\u00ed t\u011blo do rovnov\u00e1hy, zvy\u0161uje laktaci.<br \/>\n<strong>Barvy:<\/strong>&nbsp;\u010dir\u00fd<\/p>\n","protected":false},"excerpt":{"rendered":"<h4><span style=\"color: #0000ff;\"><strong>SUPER \u010cIST\u00dd, VELK\u00dd PROUD ENERGIE\u2728\u2728\u2728\u2728<\/strong><\/span><\/h4>\n<ul>\n<li><strong>pro pr\u00e1ci s energi\u00ed<\/strong><\/li>\n<li><strong>dynamick\u00fd tvar<\/strong><\/li>\n<li><strong>Brazilie<\/strong><\/li>\n<\/ul>\n","protected":false},"featured_media":1569,"comment_status":"open","ping_status":"closed","template":"","meta":{"ngg_post_thumbnail":0,"_joinchat":[]},"product_cat":[54],"product_tag":[],"class_list":{"0":"post-1567","1":"product","2":"type-product","3":"status-publish","4":"has-post-thumbnail","6":"product_cat-generatory","8":"first","9":"outofstock","10":"shipping-taxable","11":"purchasable","12":"product-type-simple"},"jetpack_sharing_enabled":true,"_links":{"self":[{"href":"https:\/\/www.svetkamenovazdravia.sk\/index.php\/wp-json\/wp\/v2\/product\/1567","targetHints":{"allow":["GET"]}}],"collection":[{"href":"https:\/\/www.svetkamenovazdravia.sk\/index.php\/wp-json\/wp\/v2\/product"}],"about":[{"href":"https:\/\/www.svetkamenovazdravia.sk\/index.php\/wp-json\/wp\/v2\/types\/product"}],"replies":[{"embeddable":true,"href":"https:\/\/www.svetkamenovazdravia.sk\/index.php\/wp-json\/wp\/v2\/comments?post=1567"}],"wp:featuredmedia":[{"embeddable":true,"href":"https:\/\/www.svetkamenovazdravia.sk\/index.php\/wp-json\/wp\/v2\/media\/1569"}],"wp:attachment":[{"href":"https:\/\/www.svetkamenovazdravia.sk\/index.php\/wp-json\/wp\/v2\/media?parent=1567"}],"wp:term":[{"taxonomy":"product_cat","embeddable":true,"href":"https:\/\/www.svetkamenovazdravia.sk\/index.php\/wp-json\/wp\/v2\/product_cat?post=1567"},{"taxonomy":"product_tag","embeddable":true,"href":"https:\/\/www.svetkamenovazdravia.sk\/index.php\/wp-json\/wp\/v2\/product_tag?post=1567"}],"curies":[{"name":"wp","href":"https:\/\/api.w.org\/{rel}","templated":true}]}}