{"id":293,"date":"2020-08-04T15:56:36","date_gmt":"2020-08-04T15:56:36","guid":{"rendered":"https:\/\/www.svetkamenovazdravia.sk\/?post_type=product&#038;p=293"},"modified":"2025-08-05T20:45:39","modified_gmt":"2025-08-05T20:45:39","slug":"larimarova-naramok-extra","status":"publish","type":"product","link":"https:\/\/www.svetkamenovazdravia.sk\/index.php\/produkt\/larimarova-naramok-extra\/","title":{"rendered":"Larimarov\u00fd n\u00e1ramok EXTRA"},"content":{"rendered":"<p><strong>Vlastnosti:&nbsp;<\/strong>Nadpozemsk\u00fd larimar, ned\u00e1vno objeven\u00fd, je jedn\u00edm z duchovn\u00edch kamen\u016f otev\u00edraj\u00edc\u00edch vstup do nov\u00fdch dimenz\u00ed a podn\u011bcuj\u00edc\u00edch evoluci Zem\u011b. Vyza\u0159uje l\u00e1sku a p\u0159in\u00e1\u0161\u00ed klid a vyrovnanost. Larimar umo\u017e\u0148uje snadn\u00e9 pohrou\u017een\u00ed do stavu hlubok\u00e9 meditace.<\/p>\n","protected":false},"excerpt":{"rendered":"<p><strong>Vlastnosti kamene:&nbsp;<a href=\"https:\/\/orgonity-od-moniky.webnode.sk\/products\/larimar\/\"><span style=\"color: #ff0000;\">ZDE<\/span><\/a><\/strong><\/p>\n<p><span style=\"color: #0000ff;\"><strong>K\u00e1men Atlantan\u016f a delf\u00edn\u016f \ud83d\udc2c\ud83d\udc2c\ud83d\udc2c\ud83d\ude4f\ud83d\ude4f\ud83d\udc8e\ud83d\udc8e\ud83c\udf0a\ud83c\udf0a<\/strong><\/span><\/p>\n<ul>\n<li><strong>samol\u00e9\u010d\u00edc\u00ed schopnost organismu<\/strong><\/li>\n<li><strong>oprava chybn\u00fdch vzorc\u016f DNA<\/strong><\/li>\n<li><strong>k\u00e1men delf\u00ednu a Atlantidy<\/strong><\/li>\n<li><strong>ka\u017ed\u00fd larimar jde prosv\u00edtit, z\u00e1ruka kvality a \u010distoty kamene<\/strong><\/li>\n<li><strong>p\u0159ekr\u00e1sn\u011b kresby<\/strong><\/li>\n<li><strong>zem\u011b p\u016fvodu Dominik\u00e1nsk\u00e1 republika<\/strong><\/li>\n<li><strong>nugety<\/strong><\/li>\n<\/ul>\n","protected":false},"featured_media":1122,"comment_status":"open","ping_status":"closed","template":"","meta":{"ngg_post_thumbnail":0,"_joinchat":[]},"product_cat":[29,30],"product_tag":[],"class_list":{"0":"post-293","1":"product","2":"type-product","3":"status-publish","4":"has-post-thumbnail","6":"product_cat-larimar","7":"product_cat-naramky","9":"first","10":"instock","11":"shipping-taxable","12":"purchasable","13":"product-type-simple"},"jetpack_sharing_enabled":true,"_links":{"self":[{"href":"https:\/\/www.svetkamenovazdravia.sk\/index.php\/wp-json\/wp\/v2\/product\/293","targetHints":{"allow":["GET"]}}],"collection":[{"href":"https:\/\/www.svetkamenovazdravia.sk\/index.php\/wp-json\/wp\/v2\/product"}],"about":[{"href":"https:\/\/www.svetkamenovazdravia.sk\/index.php\/wp-json\/wp\/v2\/types\/product"}],"replies":[{"embeddable":true,"href":"https:\/\/www.svetkamenovazdravia.sk\/index.php\/wp-json\/wp\/v2\/comments?post=293"}],"wp:featuredmedia":[{"embeddable":true,"href":"https:\/\/www.svetkamenovazdravia.sk\/index.php\/wp-json\/wp\/v2\/media\/1122"}],"wp:attachment":[{"href":"https:\/\/www.svetkamenovazdravia.sk\/index.php\/wp-json\/wp\/v2\/media?parent=293"}],"wp:term":[{"taxonomy":"product_cat","embeddable":true,"href":"https:\/\/www.svetkamenovazdravia.sk\/index.php\/wp-json\/wp\/v2\/product_cat?post=293"},{"taxonomy":"product_tag","embeddable":true,"href":"https:\/\/www.svetkamenovazdravia.sk\/index.php\/wp-json\/wp\/v2\/product_tag?post=293"}],"curies":[{"name":"wp","href":"https:\/\/api.w.org\/{rel}","templated":true}]}}