{"id":297,"date":"2020-08-04T16:05:29","date_gmt":"2020-08-04T16:05:29","guid":{"rendered":"https:\/\/www.svetkamenovazdravia.sk\/?post_type=product&#038;p=297"},"modified":"2020-08-04T16:05:29","modified_gmt":"2020-08-04T16:05:29","slug":"serafinitovy-naramok","status":"publish","type":"product","link":"https:\/\/www.svetkamenovazdravia.sk\/index.php\/produkt\/serafinitovy-naramok\/","title":{"rendered":"Serafinitov\u00fd n\u00e1ramok"},"content":{"rendered":"<p><strong>Serafinitu&nbsp;<\/strong>sa \u010dasto hovor\u00ed \u201canjelsk\u00fd kame\u0148\u201d, lebo n\u00e1s na\u013ea\u010fuje na vy\u0161\u0161ie vibr\u00e1cie a pom\u00e1ha komunikova\u0165 s anjelmi. Podporuje vn\u00edmavos\u0165, ostra\u017eitos\u0165 a intu\u00edciu. Je to kame\u0148 osvietenia \u201cpar excellence\u201d. Dod\u00e1va telu vy\u0161\u0161ie jemnej\u0161ie vibr\u00e1cie. Rob\u00ed n\u00e1s ch\u00e1paj\u00facimi a citlivej\u0161\u00edmi, taktie\u017e aj viacej diplomatickej\u0161\u00edmi. Pom\u00e1ha n\u00e1m n\u00e1js\u0165 zmysel \u017eivota, poskytuje vn\u00fatornu silu, aby sme kr\u00e1\u010dali za svojim zmyslom \u017eivota. Serafinit steles\u0148uje telesno preniknut\u00e9 svetlom ducha. z\u00e1rove\u0148 p\u00f4zob\u00ed koncentra\u010dne a povzbudivo. Pom\u00e1ha vidie\u0165 veci bez skres\u013eovania, robi\u0165 tie spr\u00e1vne rozhodnutia, pod\u013ea nich aj \u017ei\u0165. Pom\u00e1ha pre\u017ei\u0165 zm\u00e4ten\u00e9 obdobia \u2013 ukazuje n\u00e1m syst\u00e9m ako z chaosu vyjs\u0165 a urobi\u0165 si poriadok v sebe. M\u00f4\u017ee by\u0165 ve\u013emi u\u017eito\u010dn\u00fd \u013eu\u010fom, ktor\u00ed nemaj\u00fa radi svoje telo, ktor\u00fd nemaj\u00fa k nemu vz\u0165ah, pom\u00e1ha n\u00e1m oceni\u0165 z\u00e1zrak hocijakej fyzickej formy. V m\u00e1gii sa pou\u017e\u00edva pri v\u0161etk\u00fdch form\u00e1ch transform\u00e1cie a transmut\u00e1cie. Aktivuje \u010dakry, vytv\u00e1ra harm\u00f3niu medzi fyzickou a univerz\u00e1lnou energiou. Pri medit\u00e1cii si m\u00f4\u017eeme predstavi\u0165 \u017ee po striebristej \u010dasti Serafinitu k\u013a\u017ee svetlo a lie\u010di na\u0161e vlastn\u00e9 telo. Jeho energia je jinov\u00e1 \u2013 recept\u00edvna. Serafinit naru\u0161uje star\u00e9 vzorce spr\u00e1vania sa, ktor\u00e9 n\u00e1m stoja v ceste, pomaly ich bor\u00ed a vytv\u00e1ra miesto pre nov\u00e9 spr\u00e1vanie.&nbsp;<\/p>\n","protected":false},"excerpt":{"rendered":"<p>Vlastnosti kamene:&nbsp;<span style=\"color: #ff0000;\"><a style=\"color: #ff0000;\" href=\"https:\/\/orgonity-od-moniky.webnode.sk\/products\/serafinit\/\"><strong>ZDE<\/strong><\/a><\/span><\/p>\n<ul>\n<li>Jeho ope\u0159en\u00e1 k\u0159\u00eddla v\u00e1s vyzvednou k vy\u0161\u0161\u00edm duchovn\u00edm vibrac\u00edm<\/li>\n<li>Podn\u011bcuje k \u010dinnosti m\u00edchu<\/li>\n<li>spojuje s \u00e9terick\u00fdm t\u011blem<\/li>\n<\/ul>\n","protected":false},"featured_media":298,"comment_status":"open","ping_status":"closed","template":"","meta":{"ngg_post_thumbnail":0,"_joinchat":[]},"product_cat":[30],"product_tag":[],"class_list":{"0":"post-297","1":"product","2":"type-product","3":"status-publish","4":"has-post-thumbnail","6":"product_cat-naramky","8":"first","9":"instock","10":"shipping-taxable","11":"purchasable","12":"product-type-simple"},"jetpack_sharing_enabled":true,"_links":{"self":[{"href":"https:\/\/www.svetkamenovazdravia.sk\/index.php\/wp-json\/wp\/v2\/product\/297","targetHints":{"allow":["GET"]}}],"collection":[{"href":"https:\/\/www.svetkamenovazdravia.sk\/index.php\/wp-json\/wp\/v2\/product"}],"about":[{"href":"https:\/\/www.svetkamenovazdravia.sk\/index.php\/wp-json\/wp\/v2\/types\/product"}],"replies":[{"embeddable":true,"href":"https:\/\/www.svetkamenovazdravia.sk\/index.php\/wp-json\/wp\/v2\/comments?post=297"}],"wp:featuredmedia":[{"embeddable":true,"href":"https:\/\/www.svetkamenovazdravia.sk\/index.php\/wp-json\/wp\/v2\/media\/298"}],"wp:attachment":[{"href":"https:\/\/www.svetkamenovazdravia.sk\/index.php\/wp-json\/wp\/v2\/media?parent=297"}],"wp:term":[{"taxonomy":"product_cat","embeddable":true,"href":"https:\/\/www.svetkamenovazdravia.sk\/index.php\/wp-json\/wp\/v2\/product_cat?post=297"},{"taxonomy":"product_tag","embeddable":true,"href":"https:\/\/www.svetkamenovazdravia.sk\/index.php\/wp-json\/wp\/v2\/product_tag?post=297"}],"curies":[{"name":"wp","href":"https:\/\/api.w.org\/{rel}","templated":true}]}}