{"id":334,"date":"2020-08-05T14:17:48","date_gmt":"2020-08-05T14:17:48","guid":{"rendered":"https:\/\/www.svetkamenovazdravia.sk\/?post_type=product&#038;p=334"},"modified":"2021-03-29T11:42:48","modified_gmt":"2021-03-29T11:42:48","slug":"ametyst-privesok","status":"publish","type":"product","link":"https:\/\/www.svetkamenovazdravia.sk\/index.php\/produkt\/ametyst-privesok\/","title":{"rendered":"Ametyst pr\u00edvesok"},"content":{"rendered":"<p>Ametyst&nbsp;v\u00e1m pom\u00f4\u017ee vy\u010disti\u0165 energiu okolo v\u00e1s, pre\u010disti\u0165 \u010dakry a va\u0161u auru, ale takisto aj celkovo pozit\u00edvne ovplyvni\u0165 cel\u00fd v\u00e1\u0161 \u017eivot.&nbsp;Ametyst je siln\u00fdm kame\u0148om ochrany&nbsp;&#8211; ochra\u0148uje pre negat\u00edvnymi energiami ostatn\u00fdch, pred urieknut\u00edm, pred elektromagnetick\u00fdm smogom (tv, po\u010d\u00edta\u010d, mikrovlnka &#8211; pre tento \u00fa\u010del doporu\u010dujeme umiestni\u0165 v ich bl\u00edzkosti). Ak si ho umiestnite na no\u010dn\u00fd stol\u00edk tak sa v\u00e1m postar\u00e1 o pr\u00edjemn\u00e9 sny, zbav\u00ed nespavosti. Ochra\u0148uje pred negat\u00edvnym p\u00f4soben\u00edm in\u00fdch \u013eud\u00ed takou formou, \u017eepremen\u00ed psychick\u00fd \u00fatok na l\u00e1sku.&nbsp;Transformuje toti\u017e ni\u017e\u0161ie typy energie na vy\u0161\u0161ie na spiritu\u00e1lnej i \u00e9terickej rovine. Je kame\u0148om duchovnej \u010distoty a medit\u00e1cie. Ak sa pou\u017e\u00edva pri medit\u00e1cii, pom\u00e1ha sk\u013eudni\u0165 myse\u013e, obr\u00e1ti\u0165 pozornos\u0165 dovn\u00fatra a n\u00e1js\u0165 svoju vlastn\u00fa m\u00fadros\u0165. Podporuje du\u0161evn\u00fa pozornos\u0165 a koncentr\u00e1ciu. Jeho fialov\u00e1 farba vznik\u00e1 harmonick\u00fdm spojen\u00edm protikladn\u00fdch energi\u00ed farieb \u010dervenej a modrej. Je mostom medzi Nebom a Zemou, medzi du\u0161ou a duchovnom. M\u00e1 silu vnies\u0165 rovnov\u00e1hu a stabilitu do vz\u0165ahu medzi mu\u017eom a \u017eenou, harmonicky p\u00f4sob\u00ed na milostn\u00fd \u017eivot. Ametyst je symbolom vn\u00fatornej \u010distoty, obetavosti, nezi\u0161tnosti a duchovnej l\u00e1sky. Nasto\u013euje zmysel pre spravodlivos\u0165 a \u010destnos\u0165. Jeho energia n\u00e1m d\u00e1va odvahu zbavi\u0165 sa star\u00fdch n\u00e1vykov, predst\u00e1v a em\u00f3ci\u00ed a nahradi\u0165 ich nov\u00fdmi, lep\u0161\u00edmi. Je ve\u013emi n\u00e1pomocn\u00fd pri zbavovan\u00ed sa z\u00e1vislosti na alkohole a drog\u00e1ch.<br \/>\nLie\u010debn\u00e9 \u00fa\u010dinky: podporuje tvorbu horm\u00f3nov, harmonizuje metabolizmus, posi\u013e\u0148uje vylu\u010dovacie org\u00e1ny, imunitn\u00fd syst\u00e9m. Je to skvel\u00fd \u010disti\u010d krvi. Zmier\u0148uje bolesti hlavy, uvo\u013e\u0148uje nap\u00e4tie. Lie\u010di rany, zmen\u0161uje podliatiny, odstra\u0148uje opuchy. Pom\u00e1ha pri poruch\u00e1ch sluchu. Lie\u010di nerovnov\u00e1hu \u017eal\u00fado\u010dn\u00e9ho a d\u00fdchacieho syst\u00e9mu &#8211; pre toto p\u00f4sobenie doporu\u010dujeme priklada\u0165 na oblas\u0165 \u017eal\u00fadka alebo \u010driev. Blahod\u00e1rne p\u00f4sob\u00ed na \u010drev\u00e1, reguluje stav \u010drevnej fl\u00f3ry, odstra\u0148uje parazity, zlep\u0161uje vstreb\u00e1vanie vody. Detoxikuje organizmus. \u010cist\u00ed auru. Pom\u00e1ha pri neurotick\u00fdch prejavoch (hyst\u00e9ria, f\u00f3bia, z\u00farivos\u0165) a epilepsii.Pou\u017e\u00edva sa tie\u017e na zmier\u0148ovanie bolesti a pri lie\u010den\u00ed vlasov, ko\u017ee (akn\u00e9) a zubov.<br \/>\n<strong>Priraden\u00e9 \u010dakry:&nbsp;<\/strong>Ametyst stimuluje siedmu korunn\u00fa \u010dakru. Taktie\u017e otv\u00e1ra Tretie oko (\u0161iestu \u010dakru). Stimuluje aj hrdeln\u00fa &#8211; piatu \u010dakru a pom\u00e1ha n\u00e1m lep\u0161ie a jasnej\u0161ie sa vyjadrova\u0165.<br \/>\n<strong>Astrologick\u00e9 priradenie:<\/strong>&nbsp;je zvl\u00e1\u0161\u0165 n\u00e1pomocn\u00fd pre znamenia: Ryby, Baran, Strelec, Panna, \u0160korpi\u00f3n.<br \/>\n<strong>Krajina p\u00f4vodu<\/strong>: JAR<strong>.<\/strong><\/p>\n","protected":false},"excerpt":{"rendered":"<ul>\n<li>Barva zlata<\/li>\n<li>obecny kov<\/li>\n<li>ochrana proti alkoholismu<\/li>\n<li>proti elektrosmogu<\/li>\n<\/ul>\n","protected":false},"featured_media":336,"comment_status":"open","ping_status":"closed","template":"","meta":{"ngg_post_thumbnail":0,"_joinchat":[]},"product_cat":[39,28],"product_tag":[],"class_list":{"0":"post-334","1":"product","2":"type-product","3":"status-publish","4":"has-post-thumbnail","6":"product_cat-ametyst-privesok","7":"product_cat-luxusne-privesky","9":"first","10":"instock","11":"shipping-taxable","12":"purchasable","13":"product-type-simple"},"jetpack_sharing_enabled":true,"_links":{"self":[{"href":"https:\/\/www.svetkamenovazdravia.sk\/index.php\/wp-json\/wp\/v2\/product\/334","targetHints":{"allow":["GET"]}}],"collection":[{"href":"https:\/\/www.svetkamenovazdravia.sk\/index.php\/wp-json\/wp\/v2\/product"}],"about":[{"href":"https:\/\/www.svetkamenovazdravia.sk\/index.php\/wp-json\/wp\/v2\/types\/product"}],"replies":[{"embeddable":true,"href":"https:\/\/www.svetkamenovazdravia.sk\/index.php\/wp-json\/wp\/v2\/comments?post=334"}],"wp:featuredmedia":[{"embeddable":true,"href":"https:\/\/www.svetkamenovazdravia.sk\/index.php\/wp-json\/wp\/v2\/media\/336"}],"wp:attachment":[{"href":"https:\/\/www.svetkamenovazdravia.sk\/index.php\/wp-json\/wp\/v2\/media?parent=334"}],"wp:term":[{"taxonomy":"product_cat","embeddable":true,"href":"https:\/\/www.svetkamenovazdravia.sk\/index.php\/wp-json\/wp\/v2\/product_cat?post=334"},{"taxonomy":"product_tag","embeddable":true,"href":"https:\/\/www.svetkamenovazdravia.sk\/index.php\/wp-json\/wp\/v2\/product_tag?post=334"}],"curies":[{"name":"wp","href":"https:\/\/api.w.org\/{rel}","templated":true}]}}