{"id":337,"date":"2020-08-05T14:22:58","date_gmt":"2020-08-05T14:22:58","guid":{"rendered":"https:\/\/www.svetkamenovazdravia.sk\/?post_type=product&#038;p=337"},"modified":"2023-01-25T07:37:38","modified_gmt":"2023-01-25T07:37:38","slug":"citrin-privesok","status":"publish","type":"product","link":"https:\/\/www.svetkamenovazdravia.sk\/index.php\/produkt\/citrin-privesok\/","title":{"rendered":"Citr\u00edn pr\u00edvesok"},"content":{"rendered":"<p>Citr\u00edn&nbsp;je kame\u0148, ktor\u00fd&nbsp;<strong>pri\u0165ahuje financie.<\/strong>Podnikatelia by ho mali ma\u0165 niekde&nbsp;<strong>bl\u00edzko pracovn\u00e9ho stola, alebo jednoducho by ho mali nosi\u0165 pri sebe<\/strong>. Citr\u00edn toti\u017e&nbsp;<strong>podporuje tvoriv\u00e9 vyjadrenie, komunik\u00e1ciu, kreativitu a myslenie<\/strong>,<strong>dod\u00e1va energiu.<\/strong>&nbsp;Napom\u00e1ha vyu\u017ei\u0165 intu\u00edciu v ka\u017edodennom \u017eivote.&nbsp;<strong>Dok\u00e1\u017ee v\u00e1s ochr\u00e1ni\u0165 pred zlom v\u0161etk\u00e9ho druhu<\/strong>. Takisto je to kame\u0148, ktor\u00fd je vhodn\u00fd pre uvo\u013enenie a zpracovanie nahromaden\u00fdch citov\u00fdch blokov. Priv\u00e1dza n\u00e1s k harmonizovaniu vo v\u0161etk\u00fdch oblastiach n\u00e1\u0161ho \u017eivota &#8211; na \u00farovni astr\u00e1lnej, ment\u00e1lnej, duchovnej a emocion\u00e1lnej. Napom\u00e1ha zbavi\u0165 sa strachu a utrpenia. Citr\u00edn povzbudzuje k duchovn\u00fdm aktivit\u00e1m, priv\u00e1dza \u010dloveka ku harm\u00f3nii a d\u00e1va pocit zdravia a svie\u017eosti, posi\u013e\u0148uje vn\u00fatorn\u00e9 svetlo.<br \/>\n<strong>Lie\u010debn\u00e9 \u00fa\u010dinky:<\/strong>&nbsp;citr\u00edn o\u017eivuje l\u00e1tkov\u00fa v\u00fdmenu a p\u00f4sob\u00ed priaznivo pri za\u017e\u00edvac\u00edch probl\u00e9moch a lie\u010di z\u00e1paly slep\u00e9ho \u010dreva. Pou\u017e\u00edva sa k pre\u010disteniu \u010drev\u00e9ho traktu a podporuje vylu\u010dovanie jedovat\u00fdch l\u00e1tok. Takisto podporuje imunitn\u00fd syst\u00e9m. \u010cist\u00ed poko\u017eku a doporu\u010duje sa k vyrovnaniu tvorby inzul\u00ednu a pri cukrovke. Pou\u017e\u00edva sa i pri nad\u00favan\u00ed a \u017eal\u00fado\u010dn\u00fdch k\u0155\u010doch. Taktie\u017e f\u00f3bie a depresie sa daj\u00fa lie\u010di\u0165 citr\u00ednom. Ochra\u0148uje pred negat\u00edvnymi \u00fa\u010dinkami \u017eiarenia.<br \/>\n<strong>Astrologick\u00e9 priradenie:<\/strong>&nbsp;citr\u00edn je zvl\u00e1\u0161\u0165 n\u00e1pomocn\u00fd pre Bl\u00ed\u017eencov, B\u00fdka, Leva a Pannu.<br \/>\n<strong>Krajina p\u00f4vodu<\/strong>: Braz\u00edlia.<br \/>\n<strong>Priraden\u00e1 \u010dakra:<\/strong>&nbsp;3. &#8211; solar plexus.<\/p>\n","protected":false},"excerpt":{"rendered":"<h4><strong>Vlatnosti kamene&nbsp;<span style=\"color: #ff0000;\"><a style=\"color: #ff0000;\" href=\"https:\/\/orgonity-od-moniky.webnode.sk\/products\/citrin\/\">ZDE<\/a><\/span><\/strong><\/h4>\n<ul>\n<li>barva zlata, obecny kov<\/li>\n<li>puvod Kongo<\/li>\n<li>k\u00e1men hojnosti<\/li>\n<li>centr\u00e1ln\u00ed nervovy sytem<\/li>\n<li>strach ze zkousky pro studenty<\/li>\n<li>na u\u010den\u00ed<\/li>\n<li>dod\u00e1n\u00ed energie<\/li>\n<\/ul>\n","protected":false},"featured_media":335,"comment_status":"open","ping_status":"closed","template":"","meta":{"ngg_post_thumbnail":0,"_joinchat":[]},"product_cat":[40,28],"product_tag":[],"class_list":{"0":"post-337","1":"product","2":"type-product","3":"status-publish","4":"has-post-thumbnail","6":"product_cat-citrin-privesok","7":"product_cat-luxusne-privesky","9":"first","10":"instock","11":"shipping-taxable","12":"purchasable","13":"product-type-simple"},"jetpack_sharing_enabled":true,"_links":{"self":[{"href":"https:\/\/www.svetkamenovazdravia.sk\/index.php\/wp-json\/wp\/v2\/product\/337","targetHints":{"allow":["GET"]}}],"collection":[{"href":"https:\/\/www.svetkamenovazdravia.sk\/index.php\/wp-json\/wp\/v2\/product"}],"about":[{"href":"https:\/\/www.svetkamenovazdravia.sk\/index.php\/wp-json\/wp\/v2\/types\/product"}],"replies":[{"embeddable":true,"href":"https:\/\/www.svetkamenovazdravia.sk\/index.php\/wp-json\/wp\/v2\/comments?post=337"}],"wp:featuredmedia":[{"embeddable":true,"href":"https:\/\/www.svetkamenovazdravia.sk\/index.php\/wp-json\/wp\/v2\/media\/335"}],"wp:attachment":[{"href":"https:\/\/www.svetkamenovazdravia.sk\/index.php\/wp-json\/wp\/v2\/media?parent=337"}],"wp:term":[{"taxonomy":"product_cat","embeddable":true,"href":"https:\/\/www.svetkamenovazdravia.sk\/index.php\/wp-json\/wp\/v2\/product_cat?post=337"},{"taxonomy":"product_tag","embeddable":true,"href":"https:\/\/www.svetkamenovazdravia.sk\/index.php\/wp-json\/wp\/v2\/product_tag?post=337"}],"curies":[{"name":"wp","href":"https:\/\/api.w.org\/{rel}","templated":true}]}}