{"id":481,"date":"2020-09-20T12:01:43","date_gmt":"2020-09-20T12:01:43","guid":{"rendered":"https:\/\/www.svetkamenovazdravia.sk\/?post_type=product&#038;p=481"},"modified":"2021-08-22T09:21:57","modified_gmt":"2021-08-22T09:21:57","slug":"ametyst-generator-2","status":"publish","type":"product","link":"https:\/\/www.svetkamenovazdravia.sk\/index.php\/produkt\/ametyst-generator-2\/","title":{"rendered":"Ametyst \u2013 gener\u00e1tor"},"content":{"rendered":"<p>Ametyst je mimo\u0159\u00e1dn\u011b mocn\u00fd k\u00e1men s obrovskou ochrannou silou, obda\u0159en\u00fd vysoce spiritu\u00e1ln\u00edmi vibracemi. Br\u00e1n\u00ed nositele p\u0159ed psychick\u00fdmi \u00fatoky, nebo\u0165 jejich energii prom\u011b\u0148uje v l\u00e1sku. Coby p\u0159\u00edrodn\u00ed sedativum&nbsp;<strong>blokuje&nbsp;<\/strong>ametyst&nbsp;<strong>geopatogenn\u00ed z\u00f3ny<\/strong>&nbsp;a negativn\u00ed energie prostupuj\u00edc\u00ed prost\u0159ed\u00edm kolem n\u00e1s. Jeho vyrovnanost napom\u00e1h\u00e1 p\u0159i meditac\u00edch. Ametyst m\u00e1 silnou l\u00e9\u010divou a o\u010distnou moc. Podporuje rovn\u011b\u017e spiritu\u00e1ln\u00ed uv\u011bdom\u011bn\u00ed si v\u0161ech souvislost\u00ed. Tradi\u010dn\u011b se nosil jako prost\u0159edek zabra\u0148uj\u00edc\u00ed opilosti. Podporuje st\u0159\u00edzlivost. P\u0159ekon\u00e1v\u00e1 z\u00e1vislosti&nbsp;a bloky v\u0161eho druhu. Pokud se u\u017e\u00edv\u00e1 na vy\u0161\u0161\u00edch \u00farovn\u00edch osobnosti, otev\u00edr\u00e1 ametyst br\u00e1nu do jin\u00e9 reality.<\/p>\n","protected":false},"excerpt":{"rendered":"<ul>\n<li><strong><span style=\"color: #cc99ff;\">k\u00e1men harmonie<\/span>\ud83d\ude4f\ud83d\ude4f<\/strong><\/li>\n<li><strong>energeticky nejsiln\u011bj\u0161\u00ed<\/strong><\/li>\n<li><strong>fantastick\u00e1 stavba a barva<\/strong><\/li>\n<li><strong>Harmonizuje \u010dakry<\/strong><\/li>\n<li><strong>pomoc proti alkoholismu\ud83d\udc4c\ud83d\udc4c<\/strong><\/li>\n<li><strong>zmen\u0161uje r\u00e1dius p\u016fsoben\u00ed GP z\u00f3ny<\/strong><\/li>\n<li><strong>Madagaskar<\/strong><\/li>\n<\/ul>\n","protected":false},"featured_media":480,"comment_status":"open","ping_status":"closed","template":"","meta":{"ngg_post_thumbnail":0,"_joinchat":[]},"product_cat":[54],"product_tag":[],"class_list":{"0":"post-481","1":"product","2":"type-product","3":"status-publish","4":"has-post-thumbnail","6":"product_cat-generatory","8":"first","9":"outofstock","10":"shipping-taxable","11":"purchasable","12":"product-type-simple"},"jetpack_sharing_enabled":true,"_links":{"self":[{"href":"https:\/\/www.svetkamenovazdravia.sk\/index.php\/wp-json\/wp\/v2\/product\/481","targetHints":{"allow":["GET"]}}],"collection":[{"href":"https:\/\/www.svetkamenovazdravia.sk\/index.php\/wp-json\/wp\/v2\/product"}],"about":[{"href":"https:\/\/www.svetkamenovazdravia.sk\/index.php\/wp-json\/wp\/v2\/types\/product"}],"replies":[{"embeddable":true,"href":"https:\/\/www.svetkamenovazdravia.sk\/index.php\/wp-json\/wp\/v2\/comments?post=481"}],"wp:featuredmedia":[{"embeddable":true,"href":"https:\/\/www.svetkamenovazdravia.sk\/index.php\/wp-json\/wp\/v2\/media\/480"}],"wp:attachment":[{"href":"https:\/\/www.svetkamenovazdravia.sk\/index.php\/wp-json\/wp\/v2\/media?parent=481"}],"wp:term":[{"taxonomy":"product_cat","embeddable":true,"href":"https:\/\/www.svetkamenovazdravia.sk\/index.php\/wp-json\/wp\/v2\/product_cat?post=481"},{"taxonomy":"product_tag","embeddable":true,"href":"https:\/\/www.svetkamenovazdravia.sk\/index.php\/wp-json\/wp\/v2\/product_tag?post=481"}],"curies":[{"name":"wp","href":"https:\/\/api.w.org\/{rel}","templated":true}]}}