{"id":86,"date":"2020-07-06T11:21:59","date_gmt":"2020-07-06T11:21:59","guid":{"rendered":"https:\/\/www.svetkamenovazdravia.sk\/?post_type=product&#038;p=86"},"modified":"2025-11-03T19:57:23","modified_gmt":"2025-11-03T19:57:23","slug":"cintamani-6","status":"publish","type":"product","link":"https:\/\/www.svetkamenovazdravia.sk\/index.php\/produkt\/cintamani-6\/","title":{"rendered":"\u010cintam\u00e1n\u00ed TOP"},"content":{"rendered":"<p><strong>P\u016fvod kamene \u010cint\u00e1man\u00ed<\/strong><\/p>\n<p><strong>Roerich p\u0159i sv\u00fdch v\u00fdzkumn\u00fdch cest\u00e1ch po v\u00fdchodn\u00ed Asii a Tibetu zaznamenal n\u011bkolik legend o tajemn\u00e9m kameni \u201e\u010cint\u00e1man\u00ed\u201c, kter\u00fd byl v d\u00e1vn\u00fdch \u010dasech p\u0159ivezen na Zemi ohniv\u00fdm hv\u011bzdn\u00fdm kon\u011bm Lung-tao ze souhv\u011bzd\u00ed Orion. Jin\u00e1 verze t\u00e9to legendy hovo\u0159\u00ed o p\u016fvodu kamene \u010cint\u00e1man\u00ed ze Siria. V sanskrtu je pojem \u010cint\u00e1man\u00ed p\u0159ekl\u00e1d\u00e1n jako \u201ebo\u017esk\u00fd kamen m\u011bn\u00edc\u00ed v\u011bdom\u00ed\u201c. Roerich zaznamenal, \u017ee v p\u0159\u00edpad\u011b aktivace \u010cint\u00e1man\u00ed paprskem zvl\u00e1\u0161tn\u00ed (kosmick\u00e9?) energie transformuje tento k\u00e1men tuto energii a vyza\u0159ov\u00e1n\u00edm ovliv\u0148uje pozitivn\u00ed rozvoj lidsk\u00e9ho v\u011bdom\u00ed lid\u00ed v \u0161irok\u00e9m okol\u00ed, tak\u017ee m\u00e1 doch\u00e1zet ke zrychlen\u00ed duchovn\u00ed evoluce. Podle p\u016fvodn\u00ed tibetsk\u00e9 legendy byly \u010d\u00e1sti kamene \u010cint\u00e1man\u00ed rozm\u00edst\u011bny na n\u011bkter\u00fdch m\u00edstech Zem\u011b a ta se v pozd\u011bj\u0161\u00edch \u010dasech stala rozvinut\u00fdmi centry v\u00fdvoje lidsk\u00e9 civilizace. Jeden z \u00falomk\u016f vlastnil atlantsk\u00fd c\u00edsa\u0159 Tazlavoo, kter\u00fd proslul sv\u00fdmi nadlidsk\u00fdmi schopnostmi a byl pova\u017eov\u00e1n za posla boh\u016f, jin\u00fd je ulo\u017een v Tibetu a jeho st\u0159e\u017een\u00ed bylo hlavn\u00edm \u00fakolem jog\u00edn\u016f\u2026<\/strong><\/p>\n<p><img decoding=\"async\" class=\"wp-image-4152\" src=\"https:\/\/kamenovo.cz\/wp-content\/uploads\/2019\/12\/image-679x1024.png\" sizes=\"(max-width: 679px) 100vw, 679px\" srcset=\"https:\/\/kamenovo.cz\/wp-content\/uploads\/2019\/12\/image-679x1024.png 679w, https:\/\/kamenovo.cz\/wp-content\/uploads\/2019\/12\/image-416x627.png 416w, https:\/\/kamenovo.cz\/wp-content\/uploads\/2019\/12\/image-199x300.png 199w, https:\/\/kamenovo.cz\/wp-content\/uploads\/2019\/12\/image-768x1157.png 768w, https:\/\/kamenovo.cz\/wp-content\/uploads\/2019\/12\/image.png 909w\" alt=\"\" data-attachment-id=\"4152\" data-permalink=\"https:\/\/kamenovo.cz\/index.php\/2019\/12\/14\/ptaci-lide\/image-28\/\" data-orig-file=\"https:\/\/kamenovo.cz\/wp-content\/uploads\/2019\/12\/image.png\" data-orig-size=\"909,1370\" data-comments-opened=\"1\" data-image-meta=\"{&quot;aperture&quot;:&quot;0&quot;,&quot;credit&quot;:&quot;&quot;,&quot;camera&quot;:&quot;&quot;,&quot;caption&quot;:&quot;&quot;,&quot;created_timestamp&quot;:&quot;0&quot;,&quot;copyright&quot;:&quot;&quot;,&quot;focal_length&quot;:&quot;0&quot;,&quot;iso&quot;:&quot;0&quot;,&quot;shutter_speed&quot;:&quot;0&quot;,&quot;title&quot;:&quot;&quot;,&quot;orientation&quot;:&quot;0&quot;}\" data-image-title=\"image\" data-image-description=\"\" data-medium-file=\"https:\/\/kamenovo.cz\/wp-content\/uploads\/2019\/12\/image-199x300.png\" data-large-file=\"https:\/\/kamenovo.cz\/wp-content\/uploads\/2019\/12\/image-679x1024.png\">Zobrazen\u00ed pta\u010d\u00edho \u010dlov\u011bka v jedn\u00e9 z jeskyni na Velikono\u010dn\u00edm ostrov\u011b. Stejn\u00e9 obrazy se nach\u00e1zej\u00ed i na AI taj i a v Mongolsku.<\/p>\n","protected":false},"excerpt":{"rendered":"<ul>\n<li>\n<h2><strong>MNOHOK\u00c1MEN, <span style=\"color: #ff6600;\">N\u00c1DHERN\u00c1<\/span> <span style=\"color: #ffff00;\">BARVA<\/span> <span style=\"color: #cc99ff;\">FIALKOV\u00c1 &#8211; <span style=\"color: #ff0000;\">VZ\u00c1CNOST\ud83d\ude4f<\/span><\/span><\/strong><\/h2>\n<\/li>\n<li>\n<h3><span style=\"color: #ff0000;\"><strong>TOP KVALITA, FANTASTICKY HLADK\u00dd \ud83d\ude4f\ud83d\ude4f\ud83d\udc7c<\/strong><\/span><strong><span style=\"color: #ff00ff;\">\ud83d\udc7c N\u00c1DHERN\u00c1 STRUKTURA, <span style=\"color: #00ff00;\">SKVOST,PRUVODCE\ud83d\udc40<span style=\"color: #ff6600;\">Z\u00c1ZNAMY\ud83c\udf0a\ud83c\udf0a<\/span><\/span><\/span><\/strong><\/h3>\n<\/li>\n<li class=\"eshop-detail-title cf\"><span style=\"color: #0000ff;\"><strong><span class=\"product-title\"><span class=\"product-title-content\">EXTRA PRIESVITN\u00dd,\ud83d\udc8e\ud83d\udc8e\ud83d\udc8e<\/span><\/span><\/strong><\/span><\/li>\n<li class=\"eshop-detail-title cf\"><strong><span class=\"product-title\"><span class=\"product-title-content\">EXTRA KVALITA, <\/span><\/span><\/strong><\/li>\n<li class=\"eshop-detail-title cf\"><strong><span class=\"product-title\"><span class=\"product-title-content\">KR\u00c1SNY TVAR<\/span><\/span><\/strong><\/li>\n<li><strong>kr\u00e1sny priesvitn\u00fd&nbsp; kamienok cintamani v extra kvalite<\/strong><\/li>\n<\/ul>\n","protected":false},"featured_media":1018,"comment_status":"open","ping_status":"closed","template":"","meta":{"ngg_post_thumbnail":0,"_joinchat":[]},"product_cat":[16],"product_tag":[],"class_list":{"0":"post-86","1":"product","2":"type-product","3":"status-publish","4":"has-post-thumbnail","6":"product_cat-cintamani","8":"first","9":"instock","10":"shipping-taxable","11":"purchasable","12":"product-type-simple"},"jetpack_sharing_enabled":true,"_links":{"self":[{"href":"https:\/\/www.svetkamenovazdravia.sk\/index.php\/wp-json\/wp\/v2\/product\/86","targetHints":{"allow":["GET"]}}],"collection":[{"href":"https:\/\/www.svetkamenovazdravia.sk\/index.php\/wp-json\/wp\/v2\/product"}],"about":[{"href":"https:\/\/www.svetkamenovazdravia.sk\/index.php\/wp-json\/wp\/v2\/types\/product"}],"replies":[{"embeddable":true,"href":"https:\/\/www.svetkamenovazdravia.sk\/index.php\/wp-json\/wp\/v2\/comments?post=86"}],"wp:featuredmedia":[{"embeddable":true,"href":"https:\/\/www.svetkamenovazdravia.sk\/index.php\/wp-json\/wp\/v2\/media\/1018"}],"wp:attachment":[{"href":"https:\/\/www.svetkamenovazdravia.sk\/index.php\/wp-json\/wp\/v2\/media?parent=86"}],"wp:term":[{"taxonomy":"product_cat","embeddable":true,"href":"https:\/\/www.svetkamenovazdravia.sk\/index.php\/wp-json\/wp\/v2\/product_cat?post=86"},{"taxonomy":"product_tag","embeddable":true,"href":"https:\/\/www.svetkamenovazdravia.sk\/index.php\/wp-json\/wp\/v2\/product_tag?post=86"}],"curies":[{"name":"wp","href":"https:\/\/api.w.org\/{rel}","templated":true}]}}