{"id":979,"date":"2021-09-28T19:48:09","date_gmt":"2021-09-28T19:48:09","guid":{"rendered":"https:\/\/www.svetkamenovazdravia.sk\/?post_type=product&#038;p=979"},"modified":"2021-09-28T19:48:10","modified_gmt":"2021-09-28T19:48:10","slug":"mega-jantar-2","status":"publish","type":"product","link":"https:\/\/www.svetkamenovazdravia.sk\/index.php\/produkt\/mega-jantar-2\/","title":{"rendered":"Mega Jantar"},"content":{"rendered":"","protected":false},"excerpt":{"rendered":"<p>Vlastnosti kamene&nbsp;<a href=\"https:\/\/kamenovo.cz\/index.php\/2018\/06\/08\/jantar\/\"><strong>ZDE<\/strong><\/a><\/p>\n<ul>\n<li>\n<h4><strong><span style=\"color: #0000ff;\">Fantastick\u00fd pro upravu vody na pit\u00ed, pro svou nenahraditelnou membr\u00e1nu<\/span>\ud83c\udf0a\ud83c\udf0a<\/strong><\/h4>\n<\/li>\n<li><strong>protialergick\u00e9 reakce poko\u017eky a sliznic<\/strong><\/li>\n<li><strong>pomoc na d\u00fdchac\u00ed probl\u00e9my<\/strong><\/li>\n<li><strong>kyselina jantarov\u00e1 je blahod\u00e1rn\u00e1<\/strong><\/li>\n<li><strong>zem\u011b p\u016fvodu Rusko<\/strong><\/li>\n<\/ul>\n","protected":false},"featured_media":980,"comment_status":"open","ping_status":"closed","template":"","meta":{"ngg_post_thumbnail":0,"_joinchat":[]},"product_cat":[103],"product_tag":[],"class_list":{"0":"post-979","1":"product","2":"type-product","3":"status-publish","4":"has-post-thumbnail","6":"product_cat-mega-jantar-surove-kameny","8":"first","9":"instock","10":"shipping-taxable","11":"purchasable","12":"product-type-simple"},"jetpack_sharing_enabled":true,"_links":{"self":[{"href":"https:\/\/www.svetkamenovazdravia.sk\/index.php\/wp-json\/wp\/v2\/product\/979","targetHints":{"allow":["GET"]}}],"collection":[{"href":"https:\/\/www.svetkamenovazdravia.sk\/index.php\/wp-json\/wp\/v2\/product"}],"about":[{"href":"https:\/\/www.svetkamenovazdravia.sk\/index.php\/wp-json\/wp\/v2\/types\/product"}],"replies":[{"embeddable":true,"href":"https:\/\/www.svetkamenovazdravia.sk\/index.php\/wp-json\/wp\/v2\/comments?post=979"}],"wp:featuredmedia":[{"embeddable":true,"href":"https:\/\/www.svetkamenovazdravia.sk\/index.php\/wp-json\/wp\/v2\/media\/980"}],"wp:attachment":[{"href":"https:\/\/www.svetkamenovazdravia.sk\/index.php\/wp-json\/wp\/v2\/media?parent=979"}],"wp:term":[{"taxonomy":"product_cat","embeddable":true,"href":"https:\/\/www.svetkamenovazdravia.sk\/index.php\/wp-json\/wp\/v2\/product_cat?post=979"},{"taxonomy":"product_tag","embeddable":true,"href":"https:\/\/www.svetkamenovazdravia.sk\/index.php\/wp-json\/wp\/v2\/product_tag?post=979"}],"curies":[{"name":"wp","href":"https:\/\/api.w.org\/{rel}","templated":true}]}}